{"id":834,"date":"2024-11-07T07:31:50","date_gmt":"2024-11-07T07:31:50","guid":{"rendered":"https:\/\/hertznt.eu\/?page_id=834"},"modified":"2024-12-03T09:48:13","modified_gmt":"2024-12-03T09:48:13","slug":"system-monitorowania-pacjenta-kardiomonitor","status":"publish","type":"page","link":"https:\/\/hertznt.eu\/pl\/medtech\/system-monitorowania-pacjenta-kardiomonitor\/","title":{"rendered":"System monitorowania pacjenta &#8211; kardiomonitor"},"content":{"rendered":"<div class=\"headerpicture\">\n                <img decoding=\"async\" alt=\"Main header image - Hertz\" class=\"headerpicture-image headerpicture-image-desktop\"\n             src=\"https:\/\/hertznt.eu\/wp-content\/uploads\/2024\/11\/Medtech_3.png\"\/>\n                <img decoding=\"async\" alt=\"Main header image mobile - Hertz\" class=\"headerpicture-image headerpicture-image-mobile\"\n             src=\"https:\/\/hertznt.eu\/wp-content\/uploads\/2024\/11\/Medtech_4.png\"\/>\n    <\/div>\n<div class=\"headerpicture-filler\"><\/div>\n\n\n\r\n<div class=\"element hertz-container mainnavigation-container hertz-flex \">\r\n    <div class=\"hmainnavigation-content-left\">\r\n        <div class=\"hertz-flex\">\r\n            <a class=\"mainnavigation-logo-link\" href=\"\/pl\"\r\n               >\r\n                <img decoding=\"async\" class=\"mainnavigation-logo-image\" alt=\"Hertz Logo\" src=\"https:\/\/hertznt.eu\/wp-content\/uploads\/2024\/08\/Group-74-3.png\"\/>\r\n            <\/a>\r\n        <\/div>\r\n    <\/div>\r\n    <div class=\"mainnavigation-content-right hertz-flex mainnavigation-mobile\">\r\n        <button class=\"mainnavigation-mobile-close\">\r\n            <span>\r\n            &times;\r\n            <\/span>\r\n        <\/button>\r\n        <a class=\"mainnavigation-mobile-logo-link\" href=\"\/pl\"\r\n           >\r\n            <img decoding=\"async\" class=\"mainnavigation-mobile-logo-image\" alt=\"Hertz Logo\" src=\"https:\/\/hertznt.eu\/wp-content\/uploads\/2024\/08\/Group-74-3.png\"\/>\r\n        <\/a>\r\n        <nav class=\"mainnavigation-nav\">\r\n                            <a\r\n        class=\"hertz-button normal mainnavigation-link\"\r\n     href=\"\/pl\/produkty\"        >\r\n    <span class=\"hertz-button-text\">HAWK C-UAS<\/span>\r\n    <\/a>\r\n                            <a\r\n        class=\"hertz-button normal mainnavigation-link\"\r\n     href=\"\/pl\/medtech\"        >\r\n    <span class=\"hertz-button-text\">MEDTECH<\/span>\r\n    <\/a>\r\n                            <a\r\n        class=\"hertz-button normal mainnavigation-link\"\r\n     href=\"\/pl\/blog\"        >\r\n    <span class=\"hertz-button-text\">AKTUALNIE<\/span>\r\n    <\/a>\r\n                            <a\r\n        class=\"hertz-button normal mainnavigation-link\"\r\n     href=\"\/pl\/o-nas\"        >\r\n    <span class=\"hertz-button-text\">O NAS<\/span>\r\n    <\/a>\r\n                            <a\r\n        class=\"hertz-button normal mainnavigation-link\"\r\n     href=\"https:\/\/hertznt.eu\/pl\/kariery\/\"        >\r\n    <span class=\"hertz-button-text\">Kariera<\/span>\r\n    <\/a>\r\n                            <a\r\n        class=\"hertz-button normal mainnavigation-link\"\r\n     href=\"\/pl\/kontakt\"        >\r\n    <span class=\"hertz-button-text\">KONTAKT<\/span>\r\n    <\/a>\r\n                    <\/nav>\r\n        <div class=\"mainnavigation-languages\">\r\n                            <a class=\"mainnavigation-language \"\r\n                   href=\"\/\">\r\n                    EN                <\/a>\r\n                            <a class=\"mainnavigation-language active\"\r\n                   href=\"\/pl\">\r\n                    PL                <\/a>\r\n                    <\/div>\r\n    <\/div>\r\n    <button class=\"mainnavigation-mobile-open\">\r\n        <span class=\"dashicons dashicons-menu-alt\"><\/span>\r\n    <\/button>\r\n<\/div>\r\n\r\n    <script>\r\n        $(\".mainnavigation-mobile-open\").on(\"click\", function () {\r\n            $(\".mainnavigation-mobile\").addClass(\"active\");\r\n        });\r\n\r\n        $(\".mainnavigation-mobile-close\").on(\"click\", function () {\r\n            $(\".mainnavigation-mobile\").removeClass(\"active\");\r\n        });\r\n    <\/script>\r\n\n\n\r\n<div class=\"element hertz-container pageheadline-container \">\r\n            <h1 class=\"pageheadline-header separate hertz-content-contain\">System monitorowania pacjenta &#8211; kardiomonitor<\/h1>\r\n        <div class=\"hertz-flex\">\r\n        <div class=\"hertz-content-left\">\r\n                            <p class=\"hertz-text hertz-content-contain\">System oparty na czujnikach umo\u017cliwiaj\u0105cych przesy\u0142anie danych w czasie rzeczywistym z sensor\u00f3w badaj\u0105cych podstawowe funkcje \u017cyciowe pacjenta oraz jego obecno\u015b\u0107 w obszarze zasi\u0119gu systemu w budynku szpitala, do komputera zlokalizowanego w dy\u017curce piel\u0119gniarskiej.<\/p>\r\n                    <\/div>\r\n        <div class=\"hertz-content-right\">\r\n            <div class=\"hertz-flex\">\r\n                <p class=\"hertz-text hertz-content-contain\">Dzi\u0119ki temu rozwi\u0105zaniu pacjent niezale\u017cnie od tego, czy przebywa na sali oddzia\u0142u, czy w gabinecie zabiegowym, ca\u0142y czas pozostaje w obszarze monitorowania jego parametr\u00f3w \u017cyciowych.<\/p>\r\n                <a\r\n        class=\"hertz-button cta \"\r\n     href=\"#contact\"        >\r\n    <span class=\"hertz-button-text\">NAPISZ DO NAS<\/span>\r\n    <svg class=\"hertz-button-arrow hertz-button-arrow-cta\" width=\"43\" height=\"30\"\r\n     viewBox=\"0 0 43 30\" fill=\"none\" xmlns=\"http:\/\/www.w3.org\/2000\/svg\">\r\n    <path id=\"Line 5\"\r\n          d=\"M42.4142 16.4142C43.1953 15.6332 43.1953 14.3668 42.4142 13.5858L29.6863 0.857864C28.9052 0.0768156 27.6389 0.0768156 26.8579 0.857864C26.0768 1.63891 26.0768 2.90524 26.8579 3.68629L38.1716 15L26.8579 26.3137C26.0768 27.0948 26.0768 28.3611 26.8579 29.1421C27.6389 29.9232 28.9052 29.9232 29.6863 29.1421L42.4142 16.4142ZM0 17H41V13H0V17Z\"\/>\r\n<\/svg>\r\n<\/a>\r\n            <\/div>\r\n        <\/div>\r\n    <\/div>\r\n<\/div>\r\n\n\n\r\n<div class=\"element hertz-container productdetails-container hertz-flex\">\r\n    <div class=\"hertz-content-left hertz-sticky-container hertz-content-contain\">\r\n        <div class=\"hertz-sticky\">\r\n            <h2 class=\"productdetails-header hertz-header\">Funkcje:<\/h2>\r\n            <div class=\"productdetails-features\">\r\n                                    <div class=\"productdetails-feature\">\r\n                        <img decoding=\"async\" class=\"productdetails-image-target\"\r\n                             src=\"https:\/\/hertznt.eu\/wp-content\/themes\/hertz\/public\/icons\/target.png\"\/>\r\n                        <p class=\"productdetails-feature-text\">System skalowalny i rozszerzalny o kolejne urz\u0105dzenia<\/p>\r\n                    <\/div>\r\n                                    <div class=\"productdetails-feature\">\r\n                        <img decoding=\"async\" class=\"productdetails-image-target\"\r\n                             src=\"https:\/\/hertznt.eu\/wp-content\/themes\/hertz\/public\/icons\/target.png\"\/>\r\n                        <p class=\"productdetails-feature-text\">D\u0142ugoterminowa rejestracja parametr\u00f3w zdrowotnych do kilku tygodni<\/p>\r\n                    <\/div>\r\n                                    <div class=\"productdetails-feature\">\r\n                        <img decoding=\"async\" class=\"productdetails-image-target\"\r\n                             src=\"https:\/\/hertznt.eu\/wp-content\/themes\/hertz\/public\/icons\/target.png\"\/>\r\n                        <p class=\"productdetails-feature-text\">Sta\u0142e monitorowanie i alarmowanie bez konieczno\u015bci sta\u0142ej obs\u0142ugi medycznej<\/p>\r\n                    <\/div>\r\n                                    <div class=\"productdetails-feature\">\r\n                        <img decoding=\"async\" class=\"productdetails-image-target\"\r\n                             src=\"https:\/\/hertznt.eu\/wp-content\/themes\/hertz\/public\/icons\/target.png\"\/>\r\n                        <p class=\"productdetails-feature-text\">Idealne rozwi\u0105zanie dla jednostek klinicznych, badawczych czy opieki nad osobami przewlekle chorymi lub zdalnie monitorowanymi<\/p>\r\n                    <\/div>\r\n                            <\/div>\r\n                    <\/div>\r\n    <\/div>\r\n    <div class=\"hertz-content-right\">\r\n                            <div class=\"productdetails-detail\">\r\n                                <img decoding=\"async\" class=\"productdetails-detail-image\" src=\"https:\/\/hertznt.eu\/wp-content\/uploads\/2024\/11\/Medtech_4.png\"\/>\r\n                <p class=\"hertz-text\"><\/p>\r\n            <\/div>\r\n            <\/div>\r\n<\/div>\r\n\n\n\n<p><br><br><br><br><br><br><br><\/p>\n","protected":false},"excerpt":{"rendered":"","protected":false},"author":1,"featured_media":0,"parent":798,"menu_order":0,"comment_status":"closed","ping_status":"closed","template":"wp-custom-template-page-medtech-2","meta":{"_acf_changed":false,"_monsterinsights_skip_tracking":false,"_monsterinsights_sitenote_active":false,"_monsterinsights_sitenote_note":"","_monsterinsights_sitenote_category":0,"footnotes":""},"class_list":["post-834","page","type-page","status-publish","hentry"],"acf":[],"_links":{"self":[{"href":"https:\/\/hertznt.eu\/pl\/wp-json\/wp\/v2\/pages\/834","targetHints":{"allow":["GET"]}}],"collection":[{"href":"https:\/\/hertznt.eu\/pl\/wp-json\/wp\/v2\/pages"}],"about":[{"href":"https:\/\/hertznt.eu\/pl\/wp-json\/wp\/v2\/types\/page"}],"author":[{"embeddable":true,"href":"https:\/\/hertznt.eu\/pl\/wp-json\/wp\/v2\/users\/1"}],"replies":[{"embeddable":true,"href":"https:\/\/hertznt.eu\/pl\/wp-json\/wp\/v2\/comments?post=834"}],"version-history":[{"count":6,"href":"https:\/\/hertznt.eu\/pl\/wp-json\/wp\/v2\/pages\/834\/revisions"}],"predecessor-version":[{"id":940,"href":"https:\/\/hertznt.eu\/pl\/wp-json\/wp\/v2\/pages\/834\/revisions\/940"}],"up":[{"embeddable":true,"href":"https:\/\/hertznt.eu\/pl\/wp-json\/wp\/v2\/pages\/798"}],"wp:attachment":[{"href":"https:\/\/hertznt.eu\/pl\/wp-json\/wp\/v2\/media?parent=834"}],"curies":[{"name":"wp","href":"https:\/\/api.w.org\/{rel}","templated":true}]}}