{"id":798,"date":"2024-11-07T07:46:13","date_gmt":"2024-11-07T07:46:13","guid":{"rendered":"https:\/\/hertznt.eu\/?page_id=798"},"modified":"2024-12-03T09:48:47","modified_gmt":"2024-12-03T09:48:47","slug":"medtech","status":"publish","type":"page","link":"https:\/\/hertznt.eu\/pl\/medtech\/","title":{"rendered":"Medtech"},"content":{"rendered":"<div class=\"headerpicture\">\n                <img decoding=\"async\" alt=\"Main header image - Hertz\" class=\"headerpicture-image headerpicture-image-desktop\"\n             src=\"https:\/\/hertznt.eu\/wp-content\/uploads\/2024\/11\/Medtech_main.png\"\/>\n                <img decoding=\"async\" alt=\"Main header image mobile - Hertz\" class=\"headerpicture-image headerpicture-image-mobile\"\n             src=\"https:\/\/hertznt.eu\/wp-content\/uploads\/2024\/11\/Medtech_main.png\"\/>\n    <\/div>\n<div class=\"headerpicture-filler\"><\/div>\n\n\n\r\n<div class=\"element hertz-container mainnavigation-container hertz-flex \">\r\n    <div class=\"hmainnavigation-content-left\">\r\n        <div class=\"hertz-flex\">\r\n            <a class=\"mainnavigation-logo-link\" href=\"\/pl\"\r\n               >\r\n                <img decoding=\"async\" class=\"mainnavigation-logo-image\" alt=\"Hertz Logo\" src=\"https:\/\/hertznt.eu\/wp-content\/uploads\/2024\/08\/Group-74-3.png\"\/>\r\n            <\/a>\r\n        <\/div>\r\n    <\/div>\r\n    <div class=\"mainnavigation-content-right hertz-flex mainnavigation-mobile\">\r\n        <button class=\"mainnavigation-mobile-close\">\r\n            <span>\r\n            &times;\r\n            <\/span>\r\n        <\/button>\r\n        <a class=\"mainnavigation-mobile-logo-link\" href=\"\/pl\"\r\n           >\r\n            <img decoding=\"async\" class=\"mainnavigation-mobile-logo-image\" alt=\"Hertz Logo\" src=\"https:\/\/hertznt.eu\/wp-content\/uploads\/2024\/08\/Group-74-3.png\"\/>\r\n        <\/a>\r\n        <nav class=\"mainnavigation-nav\">\r\n                            <a\r\n        class=\"hertz-button normal mainnavigation-link\"\r\n     href=\"\/pl\/produkty\"        >\r\n    <span class=\"hertz-button-text\">HAWK C-UAS<\/span>\r\n    <\/a>\r\n                            <a\r\n        class=\"hertz-button normal mainnavigation-link\"\r\n     href=\"\/pl\/medtech\"        >\r\n    <span class=\"hertz-button-text\">MEDTECH<\/span>\r\n    <\/a>\r\n                            <a\r\n        class=\"hertz-button normal mainnavigation-link\"\r\n     href=\"\/pl\/blog\"        >\r\n    <span class=\"hertz-button-text\">AKTUALNIE<\/span>\r\n    <\/a>\r\n                            <a\r\n        class=\"hertz-button normal mainnavigation-link\"\r\n     href=\"\/pl\/o-nas\"        >\r\n    <span class=\"hertz-button-text\">O NAS<\/span>\r\n    <\/a>\r\n                            <a\r\n        class=\"hertz-button normal mainnavigation-link\"\r\n     href=\"https:\/\/hertznt.eu\/pl\/kariery\/\"        >\r\n    <span class=\"hertz-button-text\">Kariera<\/span>\r\n    <\/a>\r\n                            <a\r\n        class=\"hertz-button normal mainnavigation-link\"\r\n     href=\"\/pl\/kontakt\"        >\r\n    <span class=\"hertz-button-text\">KONTAKT<\/span>\r\n    <\/a>\r\n                    <\/nav>\r\n        <div class=\"mainnavigation-languages\">\r\n                            <a class=\"mainnavigation-language \"\r\n                   href=\"\/\">\r\n                    EN                <\/a>\r\n                            <a class=\"mainnavigation-language active\"\r\n                   href=\"\/pl\">\r\n                    PL                <\/a>\r\n                    <\/div>\r\n    <\/div>\r\n    <button class=\"mainnavigation-mobile-open\">\r\n        <span class=\"dashicons dashicons-menu-alt\"><\/span>\r\n    <\/button>\r\n<\/div>\r\n\r\n    <script>\r\n        $(\".mainnavigation-mobile-open\").on(\"click\", function () {\r\n            $(\".mainnavigation-mobile\").addClass(\"active\");\r\n        });\r\n\r\n        $(\".mainnavigation-mobile-close\").on(\"click\", function () {\r\n            $(\".mainnavigation-mobile\").removeClass(\"active\");\r\n        });\r\n    <\/script>\r\n\n\n\r\n<div class=\"element hertz-container pageheadline-container \">\r\n        <div class=\"hertz-flex\">\r\n        <div class=\"hertz-content-left\">\r\n                            <h1 class=\"pageheadline-header hertz-content-contain\">MEDTECH<\/h1>\r\n                    <\/div>\r\n        <div class=\"hertz-content-right\">\r\n            <div class=\"hertz-flex\">\r\n                <p class=\"hertz-text hertz-content-contain\">Oferujemy kompleksowe rozwi\u0105zania dla plac\u00f3wek medycznych, kt\u00f3re s\u0105  odpowiedzi\u0105 na aktualne zapotrzebowania w s\u0142u\u017cbie zdrowia. Nasz zesp\u00f3\u0142  specjalist\u00f3w ca\u0142y czas pracuje nad rozwojem i uzyskaniem jak najlepszych wynik\u00f3w.<\/p>\r\n                <a\r\n        class=\"hertz-button cta \"\r\n     href=\"#contact\"        >\r\n    <span class=\"hertz-button-text\">NAPISZ DO NAS<\/span>\r\n    <svg class=\"hertz-button-arrow hertz-button-arrow-cta\" width=\"43\" height=\"30\"\r\n     viewBox=\"0 0 43 30\" fill=\"none\" xmlns=\"http:\/\/www.w3.org\/2000\/svg\">\r\n    <path id=\"Line 5\"\r\n          d=\"M42.4142 16.4142C43.1953 15.6332 43.1953 14.3668 42.4142 13.5858L29.6863 0.857864C28.9052 0.0768156 27.6389 0.0768156 26.8579 0.857864C26.0768 1.63891 26.0768 2.90524 26.8579 3.68629L38.1716 15L26.8579 26.3137C26.0768 27.0948 26.0768 28.3611 26.8579 29.1421C27.6389 29.9232 28.9052 29.9232 29.6863 29.1421L42.4142 16.4142ZM0 17H41V13H0V17Z\"\/>\r\n<\/svg>\r\n<\/a>\r\n            <\/div>\r\n        <\/div>\r\n    <\/div>\r\n<\/div>\r\n\n\n\r\n<div class=\"element hertz-container examplelist-container hertz-flex examplelist-alternative\"\r\n     style=\"background-color:#dedede\">\r\n    <div class=\"hertz-content-left hertz-content-contain hertz-sticky-container examplelist-left examplelist-left-no-content\">\r\n        <div class=\"hertz-sticky\">\r\n            <h2 class=\"hertz-header\"><\/h2>\r\n            <p class=\"hertz-text\"><\/p>\r\n        <\/div>\r\n    <\/div>\r\n    <div class=\"hertz-content-right examplelist-list\">\r\n                    <div class=\"examplelist-list-item \">\r\n                <p class=\"examplelist-list-header\">eSTRADa MD<\/p>\r\n                <img decoding=\"async\" class=\"examplelist-list-image\" src=\"https:\/\/hertznt.eu\/wp-content\/uploads\/2024\/11\/780f604d114cd73bd1ede5e69ad2303d.jpg\"\/>\r\n                                                    <div class=\"hertz-flex examplelist-list-button\">\r\n                        <a\r\n        class=\"hertz-button normal \"\r\n     href=\"https:\/\/hertznt.eu\/pl\/medtech\/estrada-md\/\"        >\r\n    <span class=\"hertz-button-text\">WI\u0118CEJ<\/span>\r\n    <\/a>\r\n                    <\/div>\r\n                            <\/div>\r\n                    <div class=\"examplelist-list-item \">\r\n                <p class=\"examplelist-list-header\">System monitorowania pacjenta \u2013 kardiomonitor<\/p>\r\n                <img decoding=\"async\" class=\"examplelist-list-image\" src=\"https:\/\/hertznt.eu\/wp-content\/uploads\/2024\/11\/5fcca4f52e7073bf093bf8f1eedab5f5.jpg\"\/>\r\n                                                    <div class=\"hertz-flex examplelist-list-button\">\r\n                        <a\r\n        class=\"hertz-button normal \"\r\n     href=\"https:\/\/hertznt.eu\/pl\/medtech\/system-monitorowania-pacjenta-kardiomonitor\/\"        >\r\n    <span class=\"hertz-button-text\">WI\u0118CEJ<\/span>\r\n    <\/a>\r\n                    <\/div>\r\n                            <\/div>\r\n                    <div class=\"examplelist-list-item \">\r\n                <p class=\"examplelist-list-header\">Monitorowanie parametr\u00f3w zdrowia pacjenta le\u017c\u0105cego &#8211; mata<\/p>\r\n                <img decoding=\"async\" class=\"examplelist-list-image\" src=\"https:\/\/hertznt.eu\/wp-content\/uploads\/2024\/11\/8d1115bf9de9e7441d56b8318dbdf4a3.jpg\"\/>\r\n                                                    <div class=\"hertz-flex examplelist-list-button\">\r\n                        <a\r\n        class=\"hertz-button normal \"\r\n     href=\"https:\/\/hertznt.eu\/pl\/medtech\/monitorowanie-parametrow-zdrowia-pacjenta-lezacego-mata\/\"        >\r\n    <span class=\"hertz-button-text\">WI\u0118CEJ<\/span>\r\n    <\/a>\r\n                    <\/div>\r\n                            <\/div>\r\n                    <div class=\"examplelist-list-item \">\r\n                <p class=\"examplelist-list-header\">System Unit Dose z transportem pneumatycznym<\/p>\r\n                <img decoding=\"async\" class=\"examplelist-list-image\" src=\"https:\/\/hertznt.eu\/wp-content\/uploads\/2024\/11\/5b01096a565e8cc9c0f803e27c8ae844.jpg\"\/>\r\n                                                    <div class=\"hertz-flex examplelist-list-button\">\r\n                        <a\r\n        class=\"hertz-button normal \"\r\n     href=\"https:\/\/hertznt.eu\/pl\/medtech\/system-unit-dose-z-transportem-pneumatycznym\/\"        >\r\n    <span class=\"hertz-button-text\">WI\u0118CEJ<\/span>\r\n    <\/a>\r\n                    <\/div>\r\n                            <\/div>\r\n                    <div class=\"examplelist-list-item example-list-item-wide\">\r\n                <p class=\"examplelist-list-header\">Teleopieka senior\u00f3w<\/p>\r\n                <img decoding=\"async\" class=\"examplelist-list-image\" src=\"https:\/\/hertznt.eu\/wp-content\/uploads\/2024\/11\/f7abd32990507fa85c97af42a77a97ca.jpg\"\/>\r\n                                                    <div class=\"hertz-flex examplelist-list-button\">\r\n                        <a\r\n        class=\"hertz-button normal \"\r\n     href=\"https:\/\/hertznt.eu\/pl\/medtech\/teleopieka-seniorow\/\"        >\r\n    <span class=\"hertz-button-text\">WI\u0118CEJ<\/span>\r\n    <\/a>\r\n                    <\/div>\r\n                            <\/div>\r\n            <\/div>\r\n<\/div>\r\n","protected":false},"excerpt":{"rendered":"","protected":false},"author":1,"featured_media":0,"parent":0,"menu_order":0,"comment_status":"closed","ping_status":"closed","template":"wp-custom-template-page-medtech-2","meta":{"_acf_changed":false,"_monsterinsights_skip_tracking":false,"_monsterinsights_sitenote_active":false,"_monsterinsights_sitenote_note":"","_monsterinsights_sitenote_category":0,"footnotes":""},"class_list":["post-798","page","type-page","status-publish","hentry"],"acf":[],"_links":{"self":[{"href":"https:\/\/hertznt.eu\/pl\/wp-json\/wp\/v2\/pages\/798","targetHints":{"allow":["GET"]}}],"collection":[{"href":"https:\/\/hertznt.eu\/pl\/wp-json\/wp\/v2\/pages"}],"about":[{"href":"https:\/\/hertznt.eu\/pl\/wp-json\/wp\/v2\/types\/page"}],"author":[{"embeddable":true,"href":"https:\/\/hertznt.eu\/pl\/wp-json\/wp\/v2\/users\/1"}],"replies":[{"embeddable":true,"href":"https:\/\/hertznt.eu\/pl\/wp-json\/wp\/v2\/comments?post=798"}],"version-history":[{"count":7,"href":"https:\/\/hertznt.eu\/pl\/wp-json\/wp\/v2\/pages\/798\/revisions"}],"predecessor-version":[{"id":943,"href":"https:\/\/hertznt.eu\/pl\/wp-json\/wp\/v2\/pages\/798\/revisions\/943"}],"wp:attachment":[{"href":"https:\/\/hertznt.eu\/pl\/wp-json\/wp\/v2\/media?parent=798"}],"curies":[{"name":"wp","href":"https:\/\/api.w.org\/{rel}","templated":true}]}}