{"id":406,"date":"2024-08-29T22:23:43","date_gmt":"2024-08-29T22:23:43","guid":{"rendered":"http:\/\/rphbiwv.cluster029.hosting.ovh.net\/?page_id=406"},"modified":"2024-11-08T12:52:17","modified_gmt":"2024-11-08T12:52:17","slug":"hawk-mobile","status":"publish","type":"page","link":"https:\/\/hertznt.eu\/pl\/produkty\/hawk-mobile\/","title":{"rendered":"Hawk Mobile"},"content":{"rendered":"<div class=\"headerpicture\">\n                <img decoding=\"async\" alt=\"Main header image - Hertz\" class=\"headerpicture-image headerpicture-image-desktop\"\n             src=\"https:\/\/hertznt.eu\/wp-content\/uploads\/2024\/08\/9202e5f162679ebdce40c3c4b8c28c79-scaled.jpg\"\/>\n                <img decoding=\"async\" alt=\"Main header image mobile - Hertz\" class=\"headerpicture-image headerpicture-image-mobile\"\n             src=\"https:\/\/hertznt.eu\/wp-content\/uploads\/2024\/08\/9202e5f162679ebdce40c3c4b8c28c79-scaled.jpg\"\/>\n    <\/div>\n<div class=\"headerpicture-filler\"><\/div>\n\n\n\r\n<div class=\"element hertz-container mainnavigation-container hertz-flex \">\r\n    <div class=\"hmainnavigation-content-left\">\r\n        <div class=\"hertz-flex\">\r\n            <a class=\"mainnavigation-logo-link\" href=\"\/pl\"\r\n               >\r\n                <img decoding=\"async\" class=\"mainnavigation-logo-image\" alt=\"Hertz Logo\" src=\"https:\/\/hertznt.eu\/wp-content\/uploads\/2024\/08\/Group-74-3.png\"\/>\r\n            <\/a>\r\n        <\/div>\r\n    <\/div>\r\n    <div class=\"mainnavigation-content-right hertz-flex mainnavigation-mobile\">\r\n        <button class=\"mainnavigation-mobile-close\">\r\n            <span>\r\n            &times;\r\n            <\/span>\r\n        <\/button>\r\n        <a class=\"mainnavigation-mobile-logo-link\" href=\"\/pl\"\r\n           >\r\n            <img decoding=\"async\" class=\"mainnavigation-mobile-logo-image\" alt=\"Hertz Logo\" src=\"https:\/\/hertznt.eu\/wp-content\/uploads\/2024\/08\/Group-74-3.png\"\/>\r\n        <\/a>\r\n        <nav class=\"mainnavigation-nav\">\r\n                            <a\r\n        class=\"hertz-button normal mainnavigation-link\"\r\n     href=\"\/pl\/produkty\"        >\r\n    <span class=\"hertz-button-text\">HAWK C-UAS<\/span>\r\n    <\/a>\r\n                            <a\r\n        class=\"hertz-button normal mainnavigation-link\"\r\n     href=\"\/pl\/medtech\"        >\r\n    <span class=\"hertz-button-text\">MEDTECH<\/span>\r\n    <\/a>\r\n                            <a\r\n        class=\"hertz-button normal mainnavigation-link\"\r\n     href=\"\/pl\/blog\"        >\r\n    <span class=\"hertz-button-text\">AKTUALNIE<\/span>\r\n    <\/a>\r\n                            <a\r\n        class=\"hertz-button normal mainnavigation-link\"\r\n     href=\"\/pl\/o-nas\"        >\r\n    <span class=\"hertz-button-text\">O NAS<\/span>\r\n    <\/a>\r\n                            <a\r\n        class=\"hertz-button normal mainnavigation-link\"\r\n     href=\"https:\/\/hertznt.eu\/pl\/kariery\/\"        >\r\n    <span class=\"hertz-button-text\">Kariera<\/span>\r\n    <\/a>\r\n                            <a\r\n        class=\"hertz-button normal mainnavigation-link\"\r\n     href=\"\/pl\/kontakt\"        >\r\n    <span class=\"hertz-button-text\">KONTAKT<\/span>\r\n    <\/a>\r\n                    <\/nav>\r\n        <div class=\"mainnavigation-languages\">\r\n                            <a class=\"mainnavigation-language \"\r\n                   href=\"\/\">\r\n                    EN                <\/a>\r\n                            <a class=\"mainnavigation-language active\"\r\n                   href=\"\/pl\">\r\n                    PL                <\/a>\r\n                    <\/div>\r\n    <\/div>\r\n    <button class=\"mainnavigation-mobile-open\">\r\n        <span class=\"dashicons dashicons-menu-alt\"><\/span>\r\n    <\/button>\r\n<\/div>\r\n\r\n    <script>\r\n        $(\".mainnavigation-mobile-open\").on(\"click\", function () {\r\n            $(\".mainnavigation-mobile\").addClass(\"active\");\r\n        });\r\n\r\n        $(\".mainnavigation-mobile-close\").on(\"click\", function () {\r\n            $(\".mainnavigation-mobile\").removeClass(\"active\");\r\n        });\r\n    <\/script>\r\n\n\n\r\n<div class=\"element hertz-container pageheadline-container \">\r\n            <h1 class=\"pageheadline-header separate hertz-content-contain\">HAWK MOBILE<\/h1>\r\n        <div class=\"hertz-flex\">\r\n        <div class=\"hertz-content-left\">\r\n                            <p class=\"hertz-text hertz-content-contain\">Hawk Mobile to zaawansowane rozwi\u0105zanie zaprojektowane do ochrony obiekt\u00f3w, infrastruktury, konwoj\u00f3w i imprez masowych przed zagro\u017ceniami ze strony dron\u00f3w. \u0141\u0105cz\u0105c w sobie r\u00f3\u017cnorodne technologie wykrywania i neutralizacji dron\u00f3w, zapewnia kompleksow\u0105 i skuteczn\u0105 obron\u0119, a jego modu\u0142owo\u015b\u0107 pozwala na monta\u017c na r\u00f3\u017cnych pojazdach m.in. busach, pick-up\u2019ach czy platformach bojowych.<\/p>\r\n                    <\/div>\r\n        <div class=\"hertz-content-right\">\r\n            <div class=\"hertz-flex\">\r\n                <p class=\"hertz-text hertz-content-contain\">Mobilna wersja systemu sprawdza si\u0119 nie tylko w tymczasowej ochronie stacjonarnej, ale dzi\u0119ki zastosowaniu najnowocze\u015bniejszych rozwi\u0105za\u0144 mo\u017ce dzia\u0142a\u0107 tak\u017ce w ruchu.<\/p>\r\n                <a\r\n        class=\"hertz-button cta \"\r\n     href=\"#contact\"        >\r\n    <span class=\"hertz-button-text\">NAPISZ DO NAS<\/span>\r\n    <svg class=\"hertz-button-arrow hertz-button-arrow-cta\" width=\"43\" height=\"30\"\r\n     viewBox=\"0 0 43 30\" fill=\"none\" xmlns=\"http:\/\/www.w3.org\/2000\/svg\">\r\n    <path id=\"Line 5\"\r\n          d=\"M42.4142 16.4142C43.1953 15.6332 43.1953 14.3668 42.4142 13.5858L29.6863 0.857864C28.9052 0.0768156 27.6389 0.0768156 26.8579 0.857864C26.0768 1.63891 26.0768 2.90524 26.8579 3.68629L38.1716 15L26.8579 26.3137C26.0768 27.0948 26.0768 28.3611 26.8579 29.1421C27.6389 29.9232 28.9052 29.9232 29.6863 29.1421L42.4142 16.4142ZM0 17H41V13H0V17Z\"\/>\r\n<\/svg>\r\n<\/a>\r\n            <\/div>\r\n        <\/div>\r\n    <\/div>\r\n<\/div>\r\n\n\n\r\n<div class=\"element hertz-container productdetails-container hertz-flex\">\r\n    <div class=\"hertz-content-left hertz-sticky-container \">\r\n        <div class=\"hertz-sticky\">\r\n            <h2 class=\"productdetails-header hertz-header\">G\u0142\u00f3wne cechy i zalety<\/h2>\r\n            <div class=\"productdetails-features\">\r\n                                    <div class=\"productdetails-feature\">\r\n                        <img decoding=\"async\" class=\"productdetails-image-target\"\r\n                             src=\"https:\/\/hertznt.eu\/wp-content\/themes\/hertz\/public\/icons\/target.png\"\/>\r\n                        <p class=\"productdetails-feature-text\">Wykrywanie do 6 km<\/p>\r\n                    <\/div>\r\n                                    <div class=\"productdetails-feature\">\r\n                        <img decoding=\"async\" class=\"productdetails-image-target\"\r\n                             src=\"https:\/\/hertznt.eu\/wp-content\/themes\/hertz\/public\/icons\/target.png\"\/>\r\n                        <p class=\"productdetails-feature-text\">Wykrywanie operatora drona<\/p>\r\n                    <\/div>\r\n                                    <div class=\"productdetails-feature\">\r\n                        <img decoding=\"async\" class=\"productdetails-image-target\"\r\n                             src=\"https:\/\/hertznt.eu\/wp-content\/themes\/hertz\/public\/icons\/target.png\"\/>\r\n                        <p class=\"productdetails-feature-text\">Mo\u017cliwo\u015b\u0107 zastosowania wielu sensor\u00f3w<\/p>\r\n                    <\/div>\r\n                                    <div class=\"productdetails-feature\">\r\n                        <img decoding=\"async\" class=\"productdetails-image-target\"\r\n                             src=\"https:\/\/hertznt.eu\/wp-content\/themes\/hertz\/public\/icons\/target.png\"\/>\r\n                        <p class=\"productdetails-feature-text\">Mo\u017cliwo\u015b\u0107 rozbudowy o dodatkowe sensory i efektory<\/p>\r\n                    <\/div>\r\n                                    <div class=\"productdetails-feature\">\r\n                        <img decoding=\"async\" class=\"productdetails-image-target\"\r\n                             src=\"https:\/\/hertznt.eu\/wp-content\/themes\/hertz\/public\/icons\/target.png\"\/>\r\n                        <p class=\"productdetails-feature-text\">Wykrywanie i neutralizacja roju dron\u00f3w<\/p>\r\n                    <\/div>\r\n                                    <div class=\"productdetails-feature\">\r\n                        <img decoding=\"async\" class=\"productdetails-image-target\"\r\n                             src=\"https:\/\/hertznt.eu\/wp-content\/themes\/hertz\/public\/icons\/target.png\"\/>\r\n                        <p class=\"productdetails-feature-text\">Fuzja danych<\/p>\r\n                    <\/div>\r\n                                    <div class=\"productdetails-feature\">\r\n                        <img decoding=\"async\" class=\"productdetails-image-target\"\r\n                             src=\"https:\/\/hertznt.eu\/wp-content\/themes\/hertz\/public\/icons\/target.png\"\/>\r\n                        <p class=\"productdetails-feature-text\">Detekcja i neutralizacja w ruchu<\/p>\r\n                    <\/div>\r\n                            <\/div>\r\n                            <div class=\"hertz-flex\">\r\n                    <a\r\n        class=\"hertz-button cta \"\r\n     href=\"#contact\"        >\r\n    <span class=\"hertz-button-text\">Napisz do nas<\/span>\r\n    <svg class=\"hertz-button-arrow hertz-button-arrow-cta\" width=\"43\" height=\"30\"\r\n     viewBox=\"0 0 43 30\" fill=\"none\" xmlns=\"http:\/\/www.w3.org\/2000\/svg\">\r\n    <path id=\"Line 5\"\r\n          d=\"M42.4142 16.4142C43.1953 15.6332 43.1953 14.3668 42.4142 13.5858L29.6863 0.857864C28.9052 0.0768156 27.6389 0.0768156 26.8579 0.857864C26.0768 1.63891 26.0768 2.90524 26.8579 3.68629L38.1716 15L26.8579 26.3137C26.0768 27.0948 26.0768 28.3611 26.8579 29.1421C27.6389 29.9232 28.9052 29.9232 29.6863 29.1421L42.4142 16.4142ZM0 17H41V13H0V17Z\"\/>\r\n<\/svg>\r\n<\/a>\r\n                <\/div>\r\n                    <\/div>\r\n    <\/div>\r\n    <div class=\"hertz-content-right\">\r\n                    <h2 class=\"productdetails-header alternate hertz-header\">Urz\u0105dzenia<\/h2>\r\n                            <div class=\"productdetails-detail\">\r\n                                    <p class=\"productdetails-detail-name\">DETEKCJA<\/p>\r\n                                <img decoding=\"async\" class=\"productdetails-detail-image\" src=\"https:\/\/hertznt.eu\/wp-content\/uploads\/2024\/08\/PROJECT-FRAME-4.jpg\"\/>\r\n                <p class=\"hertz-text\">Technologia radarowa, detektory RF, optyka<\/p>\r\n            <\/div>\r\n                    <div class=\"productdetails-detail\">\r\n                                    <p class=\"productdetails-detail-name\">Monitorowanie<\/p>\r\n                                <img decoding=\"async\" class=\"productdetails-detail-image\" src=\"https:\/\/hertznt.eu\/wp-content\/uploads\/2024\/08\/PROJECT-FRAME-1-2.jpg\"\/>\r\n                <p class=\"hertz-text\">Oprogramowanie Hawk C2<\/p>\r\n            <\/div>\r\n                    <div class=\"productdetails-detail\">\r\n                                    <p class=\"productdetails-detail-name\">Neutralizacja Niekinetyczna<\/p>\r\n                                <img decoding=\"async\" class=\"productdetails-detail-image\" src=\"https:\/\/hertznt.eu\/wp-content\/uploads\/2024\/08\/PROJECT-FRAME-2-2.jpg\"\/>\r\n                <p class=\"hertz-text\">Jammery dook\u00f3lne, jammery kierunkowe na rotorze, modu\u0142 hakowania, spoofer GNSS<\/p>\r\n            <\/div>\r\n            <\/div>\r\n<\/div>\r\n\n\n\n<div class=\"element hertz-container productslist-container\">\n            <h2 class=\"productslist-header hertz-header\">Nasze produkty<\/h2>\n        <div class=\"productslist-products\">\n                    <div class=\"productslist-product\">\n                <p class=\"productslist-name\">HAWK BASIC<\/p>\n                <img decoding=\"async\" class=\"productslist-image\" src=\"https:\/\/hertznt.eu\/wp-content\/uploads\/2024\/08\/PRODUKT_FEX10-1.jpg\"\/>\n                <div class=\"hertz-flex\">\n                    <a\r\n        class=\"hertz-button normal \"\r\n     href=\"\/pl\/produkty\/hawk-basic\"        >\r\n    <span class=\"hertz-button-text\">WI\u0118CEJ<\/span>\r\n    <\/a>\r\n                <\/div>\n            <\/div>\n                    <div class=\"productslist-product\">\n                <p class=\"productslist-name\">HAWK ADVANCED<\/p>\n                <img decoding=\"async\" class=\"productslist-image\" src=\"https:\/\/hertznt.eu\/wp-content\/uploads\/2024\/12\/NS4000-FRONT.png\"\/>\n                <div class=\"hertz-flex\">\n                    <a\r\n        class=\"hertz-button normal \"\r\n     href=\"\/pl\/produkty\/hawk-advanced\"        >\r\n    <span class=\"hertz-button-text\">WI\u0118CEJ<\/span>\r\n    <\/a>\r\n                <\/div>\n            <\/div>\n                    <div class=\"productslist-product\">\n                <p class=\"productslist-name\">HAWK MOBILE<\/p>\n                <img decoding=\"async\" class=\"productslist-image\" src=\"https:\/\/hertznt.eu\/wp-content\/uploads\/2024\/12\/FOTO-58-1.jpg\"\/>\n                <div class=\"hertz-flex\">\n                    <a\r\n        class=\"hertz-button normal \"\r\n     href=\"\/pl\/produkty\/hawk-mobile\"        >\r\n    <span class=\"hertz-button-text\">WI\u0118CEJ<\/span>\r\n    <\/a>\r\n                <\/div>\n            <\/div>\n                    <div class=\"productslist-product\">\n                <p class=\"productslist-name\">HAWK C2<\/p>\n                <img decoding=\"async\" class=\"productslist-image\" src=\"https:\/\/hertznt.eu\/wp-content\/uploads\/2024\/08\/PRODUKT_FEX10-1-3.jpg\"\/>\n                <div class=\"hertz-flex\">\n                    <a\r\n        class=\"hertz-button normal \"\r\n     href=\"\/pl\/produkty\/hawk-c2\"        >\r\n    <span class=\"hertz-button-text\">WI\u0118CEJ<\/span>\r\n    <\/a>\r\n                <\/div>\n            <\/div>\n                    <div class=\"productslist-product\">\n                <p class=\"productslist-name\">JAMMERY<\/p>\n                <img decoding=\"async\" class=\"productslist-image\" src=\"https:\/\/hertznt.eu\/wp-content\/uploads\/2024\/11\/PROJECT-FRAME.jpg\"\/>\n                <div class=\"hertz-flex\">\n                    <a\r\n        class=\"hertz-button normal \"\r\n     href=\"\/pl\/produkty\/jammery\"        >\r\n    <span class=\"hertz-button-text\">WI\u0118CEJ<\/span>\r\n    <\/a>\r\n                <\/div>\n            <\/div>\n            <\/div>\n<\/div>\n\n\n\n<div class=\"element hertz-container teamintroduction-container hertz-flex\">\n    <div class=\"hertz-content-left\">\n        <h2 class=\"hertz-header\">Kontakt<\/h2>\n    <\/div>\n    <div class=\"hertz-content-right hertz-flex\">\n                    <div class=\"teamintroduction-member\">\n                <p class=\"teamintroduction-member-header\">Kontakt og\u00f3lny<\/p>\n                <span class='teamintroduction-break'><\/span>\n                                                <p class=\"hertz-text\">Hertz New Technologies\r<br \/>\r<br \/>+48 68 328 70 10\r<br \/>\r<br \/>info@hertznt.pl<\/p>\n            <\/div>\n                    <div class=\"teamintroduction-member\">\n                <p class=\"teamintroduction-member-header\">Serwis<\/p>\n                <span class='teamintroduction-break'><\/span>\n                                                <p class=\"hertz-text\">serwis@hertznt.pl<\/p>\n            <\/div>\n                    <div class=\"teamintroduction-member\">\n                <p class=\"teamintroduction-member-header\">Sprzeda\u017c<\/p>\n                <span class='teamintroduction-break'><\/span>\n                                                <p class=\"hertz-text\">Piotr \u017belazek\r<br \/>\r<br \/>+48 724 444 272\r<br \/>\r<br \/>p.zelazek@hertznt.pl<\/p>\n            <\/div>\n                    <div class=\"teamintroduction-member\">\n                <p class=\"teamintroduction-member-header\">Media<\/p>\n                <span class='teamintroduction-break'><\/span>\n                                                <p class=\"hertz-text\">Piotr \u017belazek\r<br \/>\r<br \/>+48 724 444 272\r<br \/>\r<br \/>p.zelazek@hertznt.pl<\/p>\n            <\/div>\n            <\/div>\n<\/div>\n","protected":false},"excerpt":{"rendered":"","protected":false},"author":1,"featured_media":0,"parent":290,"menu_order":0,"comment_status":"closed","ping_status":"closed","template":"wp-custom-template-pages-pl-2","meta":{"_acf_changed":false,"_monsterinsights_skip_tracking":false,"_monsterinsights_sitenote_active":false,"_monsterinsights_sitenote_note":"","_monsterinsights_sitenote_category":0,"footnotes":""},"class_list":["post-406","page","type-page","status-publish","hentry"],"acf":[],"_links":{"self":[{"href":"https:\/\/hertznt.eu\/pl\/wp-json\/wp\/v2\/pages\/406","targetHints":{"allow":["GET"]}}],"collection":[{"href":"https:\/\/hertznt.eu\/pl\/wp-json\/wp\/v2\/pages"}],"about":[{"href":"https:\/\/hertznt.eu\/pl\/wp-json\/wp\/v2\/types\/page"}],"author":[{"embeddable":true,"href":"https:\/\/hertznt.eu\/pl\/wp-json\/wp\/v2\/users\/1"}],"replies":[{"embeddable":true,"href":"https:\/\/hertznt.eu\/pl\/wp-json\/wp\/v2\/comments?post=406"}],"version-history":[{"count":3,"href":"https:\/\/hertznt.eu\/pl\/wp-json\/wp\/v2\/pages\/406\/revisions"}],"predecessor-version":[{"id":631,"href":"https:\/\/hertznt.eu\/pl\/wp-json\/wp\/v2\/pages\/406\/revisions\/631"}],"up":[{"embeddable":true,"href":"https:\/\/hertznt.eu\/pl\/wp-json\/wp\/v2\/pages\/290"}],"wp:attachment":[{"href":"https:\/\/hertznt.eu\/pl\/wp-json\/wp\/v2\/media?parent=406"}],"curies":[{"name":"wp","href":"https:\/\/api.w.org\/{rel}","templated":true}]}}