{"id":320,"date":"2024-08-29T16:24:54","date_gmt":"2024-08-29T16:24:54","guid":{"rendered":"http:\/\/rphbiwv.cluster029.hosting.ovh.net\/?page_id=320"},"modified":"2025-10-06T17:02:36","modified_gmt":"2025-10-06T17:02:36","slug":"o-nas","status":"publish","type":"page","link":"https:\/\/hertznt.eu\/pl\/o-nas\/","title":{"rendered":"O nas"},"content":{"rendered":"<div class=\"headerpicture\">\n                <img decoding=\"async\" alt=\"Main header image - Hertz\" class=\"headerpicture-image headerpicture-image-desktop\"\n             src=\"https:\/\/hertznt.eu\/wp-content\/uploads\/2024\/08\/8fc237b5fa962e61f22f5fb62b27e5e7-scaled.jpg\"\/>\n                <img decoding=\"async\" alt=\"Main header image mobile - Hertz\" class=\"headerpicture-image headerpicture-image-mobile\"\n             src=\"https:\/\/hertznt.eu\/wp-content\/uploads\/2024\/08\/8fc237b5fa962e61f22f5fb62b27e5e7-scaled.jpg\"\/>\n    <\/div>\n<div class=\"headerpicture-filler\"><\/div>\n\n\n\r\n<div class=\"element hertz-container mainnavigation-container hertz-flex alternate\">\r\n    <div class=\"hmainnavigation-content-left\">\r\n        <div class=\"hertz-flex\">\r\n            <a class=\"mainnavigation-logo-link\" href=\"\/pl\"\r\n               >\r\n                <img decoding=\"async\" class=\"mainnavigation-logo-image\" alt=\"Hertz Logo\" src=\"https:\/\/hertznt.eu\/wp-content\/uploads\/2024\/08\/Group-74-3.png\"\/>\r\n            <\/a>\r\n        <\/div>\r\n    <\/div>\r\n    <div class=\"mainnavigation-content-right hertz-flex mainnavigation-mobile\">\r\n        <button class=\"mainnavigation-mobile-close\">\r\n            <span>\r\n            &times;\r\n            <\/span>\r\n        <\/button>\r\n        <a class=\"mainnavigation-mobile-logo-link\" href=\"\/pl\"\r\n           >\r\n            <img decoding=\"async\" class=\"mainnavigation-mobile-logo-image\" alt=\"Hertz Logo\" src=\"https:\/\/hertznt.eu\/wp-content\/uploads\/2024\/08\/Group-74-3.png\"\/>\r\n        <\/a>\r\n        <nav class=\"mainnavigation-nav\">\r\n                            <a\r\n        class=\"hertz-button normal mainnavigation-link\"\r\n     href=\"\/pl\/produkty\"        >\r\n    <span class=\"hertz-button-text\">HAWK C-UAS<\/span>\r\n    <\/a>\r\n                            <a\r\n        class=\"hertz-button normal mainnavigation-link\"\r\n     href=\"\/pl\/medtech\"        >\r\n    <span class=\"hertz-button-text\">MEDTECH<\/span>\r\n    <\/a>\r\n                            <a\r\n        class=\"hertz-button normal mainnavigation-link\"\r\n     href=\"\/pl\/blog\"        >\r\n    <span class=\"hertz-button-text\">AKTUALNIE<\/span>\r\n    <\/a>\r\n                            <a\r\n        class=\"hertz-button normal mainnavigation-link\"\r\n     href=\"\/pl\/o-nas\"        >\r\n    <span class=\"hertz-button-text\">O NAS<\/span>\r\n    <\/a>\r\n                            <a\r\n        class=\"hertz-button normal mainnavigation-link\"\r\n     href=\"\/pl\/kariery\"        >\r\n    <span class=\"hertz-button-text\">KARIERA<\/span>\r\n    <\/a>\r\n                            <a\r\n        class=\"hertz-button normal mainnavigation-link\"\r\n     href=\"\/pl\/kontakt\"        >\r\n    <span class=\"hertz-button-text\">KONTAKT<\/span>\r\n    <\/a>\r\n                    <\/nav>\r\n        <div class=\"mainnavigation-languages\">\r\n                            <a class=\"mainnavigation-language \"\r\n                   href=\"\/\">\r\n                    EN                <\/a>\r\n                            <a class=\"mainnavigation-language active\"\r\n                   href=\"\/pl\">\r\n                    PL                <\/a>\r\n                    <\/div>\r\n    <\/div>\r\n    <button class=\"mainnavigation-mobile-open\">\r\n        <span class=\"dashicons dashicons-menu-alt\"><\/span>\r\n    <\/button>\r\n<\/div>\r\n\r\n    <script>\r\n        $(\".mainnavigation-mobile-open\").on(\"click\", function () {\r\n            $(\".mainnavigation-mobile\").addClass(\"active\");\r\n        });\r\n\r\n        $(\".mainnavigation-mobile-close\").on(\"click\", function () {\r\n            $(\".mainnavigation-mobile\").removeClass(\"active\");\r\n        });\r\n    <\/script>\r\n\n\n\r\n<div class=\"element hertz-container miniheadline-container hertz-flex light  \">\r\n    <div class=\"hertz-content-left\">\r\n        <h2 class=\"hertz-header hertz-content-contain  \">HERTZ NEW TECHNOLOGIES<\/h2>\r\n    <\/div>\r\n    <div class=\"hertz-content-right\">\r\n        <p class=\"hertz-text \">G\u0142\u00f3wnym celem Hertz New Technologies jest projektowanie i dostarczanie rozwi\u0105za\u0144 zwi\u0119kszaj\u0105cych\r<br \/>bezpiecze\u0144stwo w dynamicznie zmieniaj\u0105cym si\u0119 \u015bwiecie. Realizuj\u0105c t\u0119 misj\u0119, za g\u0142\u00f3wny cel firma\r<br \/>postawi\u0142a sobie dostarczanie kompleksowych i skutecznych system\u00f3w antydronowych HAWK, bazuj\u0105cych\r<br \/>na nowoczesnych technologiach zwi\u0105zanych z wieloaspektow\u0105 detekcj\u0105 czy neutralizacj\u0105 dron\u00f3w.\r<br \/>\r<br \/>Dzi\u0119ki szerokiemu rozumieniu potrzeb klienta &#8211; niezale\u017cnie czy jest to port lotniczy, czy zak\u0142ad produkcyjny\r<br \/>&#8211; system HAWK mo\u017ce zosta\u0107 precyzyjnie skonfigurowany adekwatnie do charakteru obiektu. To unikatowe\r<br \/>rozwi\u0105zanie jest efektem pracy interdyscyplinarnego zespo\u0142u, posiadaj\u0105cego blisko 30 letnie\r<br \/>do\u015bwiadczenie w prowadzeniu prac badawczo rozwojowych. Gromadz\u0105c w zespole in\u017cynier\u00f3w,\r<br \/>projektant\u00f3w, architekt\u00f3w IT czy specjalist\u00f3w od bezpiecze\u0144stwa, firma opracowuje wi\u0119kszo\u015b\u0107 produkt\u00f3w\r<br \/>in-house, co oznacza \u017ce ca\u0142y proces projektowy i produkcyjny podzespo\u0142\u00f3w HAWK odbywa si\u0119 w Polsce.\r<br \/>\r<br \/>Z ka\u017cdym nowym projektem, HNT sukcesywnie wdra\u017ca strategi\u0119 mi\u0119dzynarodowej ekspansji, buduj\u0105c\r<br \/>rozpoznawalny brand, ale r\u00f3wnie\u017c kluczowy dla Polski towar eksportowy w sektorze zabezpiecze\u0144\r<br \/>przeciwdronowych. Umocnienie pozycji w jednej niszy sprawia, \u017ce firma aktywnie poszukuje kolejnych &#8211;\r<br \/>jedn\u0105 z nich s\u0105 technologie kosmiczne.\r<br \/>\r<br \/>Firma wsp\u00f3\u0142pracuje z wiod\u0105cymi instytutami i organizacjami bran\u017cowymi, aby przyczyni\u0107 si\u0119 do post\u0119pu w\r<br \/>eksploracji kosmosu i wykorzystaniu przestrzeni kosmicznej dla potrzeb ludzko\u015bci. Dzi\u0119ki swojemu\r<br \/>zaanga\u017cowaniu w ten sektor, HNT buduje siln\u0105 pozycj\u0119 na rynku technologii kosmicznych, otwieraj\u0105c nowe\r<br \/>mo\u017cliwo\u015bci i horyzonty dla przysz\u0142ych pokole\u0144.<\/p>\r\n                    <\/div>\r\n<\/div>\r\n\n\n\r\n<div class=\"element hertz-container miniheadline-container hertz-flex gray  \">\r\n    <div class=\"hertz-content-left\">\r\n        <h2 class=\"hertz-header hertz-content-contain  \">NASZA MISJA<\/h2>\r\n    <\/div>\r\n    <div class=\"hertz-content-right\">\r\n        <p class=\"hertz-text bigger\">Nasz\u0105 misj\u0105 jest opracowywanie i wdra\u017canie innowacyjnych system\u00f3w bezpiecze\u0144stwa w dynamicznie zmieniaj\u0105cym si\u0119 \u015bwiecie.<\/p>\r\n                    <\/div>\r\n<\/div>\r\n\n\n\r\n<div class=\"element hertz-container miniheadline-container hertz-flex light  \">\r\n    <div class=\"hertz-content-left\">\r\n        <h2 class=\"hertz-header hertz-content-contain  \">NASZA WIZJA<\/h2>\r\n    <\/div>\r\n    <div class=\"hertz-content-right\">\r\n        <p class=\"hertz-text bigger\">Hertz New Technologies dostarcza kompaktowe i skuteczne systemy antydronowe, wykorzystuj\u0105c nowoczesne technologie oraz zaawansowan\u0105 wiedz\u0119 in\u017cyniersk\u0105. Nasze produkty zapewniaj\u0105 niezawodne bezpiecze\u0144stwo i ochron\u0119 przed zagro\u017ceniami p\u0142yn\u0105cymi ze strony dron\u00f3w.<\/p>\r\n                    <\/div>\r\n<\/div>\r\n\n\n\n<div class=\"element hertz-container awardshelf-container hertz-flex\">\n    <div class=\"hertz-content-left\">\n        <h2 class=\"hertz-header\">NAGRODY<\/h2>\n    <\/div>\n    <div class=\"hertz-content-right\">\n        <div class=\"awardshelf-awards\">\n                            <div class=\"awardshelf-award\">\n                    <img decoding=\"async\" class=\"awardshelf-award-image\" src=\"https:\/\/hertznt.eu\/wp-content\/uploads\/2024\/08\/Group-111.png\"\/>\n                    <p class=\"awardshelf-award-text\">White Eagle Statuette<\/p>\n                <\/div>\n                            <div class=\"awardshelf-award\">\n                    <img decoding=\"async\" class=\"awardshelf-award-image\" src=\"https:\/\/hertznt.eu\/wp-content\/uploads\/2024\/08\/Group-111.png\"\/>\n                    <p class=\"awardshelf-award-text\">Leader of Polish Business<\/p>\n                <\/div>\n                            <div class=\"awardshelf-award\">\n                    <img decoding=\"async\" class=\"awardshelf-award-image\" src=\"https:\/\/hertznt.eu\/wp-content\/uploads\/2024\/08\/Group-111.png\"\/>\n                    <p class=\"awardshelf-award-text\">Euro-Atlantic Medal<\/p>\n                <\/div>\n                            <div class=\"awardshelf-award\">\n                    <img decoding=\"async\" class=\"awardshelf-award-image\" src=\"https:\/\/hertznt.eu\/wp-content\/uploads\/2024\/08\/Group-111.png\"\/>\n                    <p class=\"awardshelf-award-text\">European GPS Medal<\/p>\n                <\/div>\n                            <div class=\"awardshelf-award\">\n                    <img decoding=\"async\" class=\"awardshelf-award-image\" src=\"https:\/\/hertznt.eu\/wp-content\/uploads\/2024\/08\/Group-111.png\"\/>\n                    <p class=\"awardshelf-award-text\">PARP Space Technology<\/p>\n                <\/div>\n                            <div class=\"awardshelf-award\">\n                    <img decoding=\"async\" class=\"awardshelf-award-image\" src=\"https:\/\/hertznt.eu\/wp-content\/uploads\/2024\/08\/Group-111.png\"\/>\n                    <p class=\"awardshelf-award-text\">Polish Security Leader \/ BBN<\/p>\n                <\/div>\n                            <div class=\"awardshelf-award\">\n                    <img decoding=\"async\" class=\"awardshelf-award-image\" src=\"https:\/\/hertznt.eu\/wp-content\/uploads\/2024\/08\/Group-111.png\"\/>\n                    <p class=\"awardshelf-award-text\">Business Innovation Award<\/p>\n                <\/div>\n                            <div class=\"awardshelf-award\">\n                    <img decoding=\"async\" class=\"awardshelf-award-image\" src=\"https:\/\/hertznt.eu\/wp-content\/uploads\/2024\/08\/Group-111.png\"\/>\n                    <p class=\"awardshelf-award-text\">Forbes Diamond Winner Innovation Award<\/p>\n                <\/div>\n                    <\/div>\n    <\/div>\n<\/div>\n\n\n\n<div class=\"element hertz-container teamintroduction-container hertz-flex\">\n    <div class=\"hertz-content-left\">\n        <h2 class=\"hertz-header\">Kontakt<\/h2>\n    <\/div>\n    <div class=\"hertz-content-right hertz-flex\">\n                    <div class=\"teamintroduction-member\">\n                <p class=\"teamintroduction-member-header\">Kontakt og\u00f3lny<\/p>\n                <span class='teamintroduction-break'><\/span>\n                                                <p class=\"hertz-text\">Hertz New Technologies\r<br \/>\r<br \/>+48 68 328 70 10\r<br \/>\r<br \/>info@hertznt.pl<\/p>\n            <\/div>\n                    <div class=\"teamintroduction-member\">\n                <p class=\"teamintroduction-member-header\">Serwis<\/p>\n                <span class='teamintroduction-break'><\/span>\n                                                <p class=\"hertz-text\">serwis@hertznt.pl<\/p>\n            <\/div>\n                    <div class=\"teamintroduction-member\">\n                <p class=\"teamintroduction-member-header\">Sprzeda\u017c<\/p>\n                <span class='teamintroduction-break'><\/span>\n                                                <p class=\"hertz-text\">Piotr \u017belazek\r<br \/>\r<br \/>+48 724 444 272\r<br \/>\r<br \/>p.zelazek@hertznt.pl<\/p>\n            <\/div>\n                    <div class=\"teamintroduction-member\">\n                <p class=\"teamintroduction-member-header\">Media<\/p>\n                <span class='teamintroduction-break'><\/span>\n                                                <p class=\"hertz-text\">Piotr \u017belazek\r<br \/>\r<br \/>+48 724 444 272\r<br \/>\r<br \/>p.zelazek@hertznt.pl<\/p>\n            <\/div>\n            <\/div>\n<\/div>\n","protected":false},"excerpt":{"rendered":"","protected":false},"author":1,"featured_media":0,"parent":0,"menu_order":0,"comment_status":"closed","ping_status":"closed","template":"wp-custom-template-pages-pl-2","meta":{"_acf_changed":false,"_monsterinsights_skip_tracking":false,"_monsterinsights_sitenote_active":false,"_monsterinsights_sitenote_note":"","_monsterinsights_sitenote_category":0,"footnotes":""},"class_list":["post-320","page","type-page","status-publish","hentry"],"acf":[],"_links":{"self":[{"href":"https:\/\/hertznt.eu\/pl\/wp-json\/wp\/v2\/pages\/320","targetHints":{"allow":["GET"]}}],"collection":[{"href":"https:\/\/hertznt.eu\/pl\/wp-json\/wp\/v2\/pages"}],"about":[{"href":"https:\/\/hertznt.eu\/pl\/wp-json\/wp\/v2\/types\/page"}],"author":[{"embeddable":true,"href":"https:\/\/hertznt.eu\/pl\/wp-json\/wp\/v2\/users\/1"}],"replies":[{"embeddable":true,"href":"https:\/\/hertznt.eu\/pl\/wp-json\/wp\/v2\/comments?post=320"}],"version-history":[{"count":11,"href":"https:\/\/hertznt.eu\/pl\/wp-json\/wp\/v2\/pages\/320\/revisions"}],"predecessor-version":[{"id":1322,"href":"https:\/\/hertznt.eu\/pl\/wp-json\/wp\/v2\/pages\/320\/revisions\/1322"}],"wp:attachment":[{"href":"https:\/\/hertznt.eu\/pl\/wp-json\/wp\/v2\/media?parent=320"}],"curies":[{"name":"wp","href":"https:\/\/api.w.org\/{rel}","templated":true}]}}