{"id":314,"date":"2024-08-29T16:23:12","date_gmt":"2024-08-29T16:23:12","guid":{"rendered":"http:\/\/rphbiwv.cluster029.hosting.ovh.net\/?page_id=314"},"modified":"2024-11-08T13:14:04","modified_gmt":"2024-11-08T13:14:04","slug":"blog","status":"publish","type":"page","link":"https:\/\/hertznt.eu\/pl\/blog\/","title":{"rendered":"Blog"},"content":{"rendered":"<div class=\"headerpicture\">\n                <img decoding=\"async\" alt=\"Main header image - Hertz\" class=\"headerpicture-image headerpicture-image-desktop\"\n             src=\"https:\/\/hertznt.eu\/wp-content\/uploads\/2024\/08\/8fc237b5fa962e61f22f5fb62b27e5e7-scaled.jpg\"\/>\n                <img decoding=\"async\" alt=\"Main header image mobile - Hertz\" class=\"headerpicture-image headerpicture-image-mobile\"\n             src=\"https:\/\/hertznt.eu\/wp-content\/uploads\/2024\/08\/8fc237b5fa962e61f22f5fb62b27e5e7-scaled.jpg\"\/>\n    <\/div>\n<div class=\"headerpicture-filler\"><\/div>\n\n\n\r\n<div class=\"element hertz-container mainnavigation-container hertz-flex \">\r\n    <div class=\"hmainnavigation-content-left\">\r\n        <div class=\"hertz-flex\">\r\n            <a class=\"mainnavigation-logo-link\" href=\"\/pl\"\r\n               >\r\n                <img decoding=\"async\" class=\"mainnavigation-logo-image\" alt=\"Hertz Logo\" src=\"https:\/\/hertznt.eu\/wp-content\/uploads\/2024\/08\/Group-74-3.png\"\/>\r\n            <\/a>\r\n        <\/div>\r\n    <\/div>\r\n    <div class=\"mainnavigation-content-right hertz-flex mainnavigation-mobile\">\r\n        <button class=\"mainnavigation-mobile-close\">\r\n            <span>\r\n            &times;\r\n            <\/span>\r\n        <\/button>\r\n        <a class=\"mainnavigation-mobile-logo-link\" href=\"\/pl\"\r\n           >\r\n            <img decoding=\"async\" class=\"mainnavigation-mobile-logo-image\" alt=\"Hertz Logo\" src=\"https:\/\/hertznt.eu\/wp-content\/uploads\/2024\/08\/Group-74-3.png\"\/>\r\n        <\/a>\r\n        <nav class=\"mainnavigation-nav\">\r\n                            <a\r\n        class=\"hertz-button normal mainnavigation-link\"\r\n     href=\"\/pl\/produkty\"        >\r\n    <span class=\"hertz-button-text\">HAWK C-UAS<\/span>\r\n    <\/a>\r\n                            <a\r\n        class=\"hertz-button normal mainnavigation-link\"\r\n     href=\"\/pl\/medtech\"        >\r\n    <span class=\"hertz-button-text\">MEDTECH<\/span>\r\n    <\/a>\r\n                            <a\r\n        class=\"hertz-button normal mainnavigation-link\"\r\n     href=\"\/pl\/blog\"        >\r\n    <span class=\"hertz-button-text\">AKTUALNIE<\/span>\r\n    <\/a>\r\n                            <a\r\n        class=\"hertz-button normal mainnavigation-link\"\r\n     href=\"\/pl\/o-nas\"        >\r\n    <span class=\"hertz-button-text\">O NAS<\/span>\r\n    <\/a>\r\n                            <a\r\n        class=\"hertz-button normal mainnavigation-link\"\r\n     href=\"https:\/\/hertznt.eu\/pl\/kariery\/\"        >\r\n    <span class=\"hertz-button-text\">Kariera<\/span>\r\n    <\/a>\r\n                            <a\r\n        class=\"hertz-button normal mainnavigation-link\"\r\n     href=\"\/pl\/kontakt\"        >\r\n    <span class=\"hertz-button-text\">KONTAKT<\/span>\r\n    <\/a>\r\n                    <\/nav>\r\n        <div class=\"mainnavigation-languages\">\r\n                            <a class=\"mainnavigation-language \"\r\n                   href=\"\/\">\r\n                    EN                <\/a>\r\n                            <a class=\"mainnavigation-language active\"\r\n                   href=\"\/pl\">\r\n                    PL                <\/a>\r\n                    <\/div>\r\n    <\/div>\r\n    <button class=\"mainnavigation-mobile-open\">\r\n        <span class=\"dashicons dashicons-menu-alt\"><\/span>\r\n    <\/button>\r\n<\/div>\r\n\r\n    <script>\r\n        $(\".mainnavigation-mobile-open\").on(\"click\", function () {\r\n            $(\".mainnavigation-mobile\").addClass(\"active\");\r\n        });\r\n\r\n        $(\".mainnavigation-mobile-close\").on(\"click\", function () {\r\n            $(\".mainnavigation-mobile\").removeClass(\"active\");\r\n        });\r\n    <\/script>\r\n\n\n\n<div class=\"element hertz-container bloglisting-container \">\n                        <div class=\"hertz-flex\">\n                <div class=\"hertz-content-left hertz-content-contain\">\n                    <h2 class=\"hertz-header\">WIADOMO\u015aCI ZE \u015aWIATA<\/h2>\n<p class=\"bloglisting-texts-text hertz-text alternate\">Drony stanowi\u0105 powa\u017cne wyzwanie w zakresie bezpiecze\u0144stwa. Nieautoryzowane drony mog\u0105 narusza\u0107 prywatno\u015b\u0107, powodowa\u0107 wypadki i zak\u0142\u00f3ca\u0107 operacje. Na naszym blogu znajdziesz najnowsze doniesienia z bran\u017cy i informacje o dzia\u0142alno\u015bci firmy.<\/p>\n                <\/div>\n            <\/div>\n                \n<div class=\"bloglisting-entries\">\n            <div class=\"bloglisting-entry\">\n            <div>\n                <p class=\"bloglisting-entry-header\">Drony jako nowe zagro\u017cenie &#8211; pora na dzia\u0142ania!<\/p>\n                <img decoding=\"async\" class=\"bloglisting-entry-image\" src=\"https:\/\/hertznt.eu\/wp-content\/uploads\/2024\/12\/Screenshot-2024-12-23-at-16.20.59.png\"\/>\n                <p class=\"bloglisting-entry-text hertz-text\">\n                    Drony jako nowe zagro\u017cenie &#8211; pora na dzia\u0142ania!                <\/p>\n            <\/div>\n            <a\r\n        class=\"hertz-button normal \"\r\n     href=\"https:\/\/hertznt.eu\/pl\/drony-jako-nowe-zagrozenie-pora-na-dzialania\/\"        >\r\n    <span class=\"hertz-button-text\">CZYTAJ WI\u0118CEJ<\/span>\r\n    <\/a>\r\n        <\/div>\n            <div class=\"bloglisting-entry\">\n            <div>\n                <p class=\"bloglisting-entry-header\">Ochrona antydronowa lotniska<\/p>\n                <img decoding=\"async\" class=\"bloglisting-entry-image\" src=\"https:\/\/hertznt.eu\/wp-content\/uploads\/2024\/08\/bf52b4499c252d7441ad3ead790d791f.jpg\"\/>\n                <p class=\"bloglisting-entry-text hertz-text\">\n                    Implementacja systemu antydronowego Hawk w porcie lotniczym Zielona G\u00f3ra &#8211; Babimost. Case study                <\/p>\n            <\/div>\n            <a\r\n        class=\"hertz-button normal \"\r\n     href=\"https:\/\/hertznt.eu\/pl\/systemy-antydronowe\/\"        >\r\n    <span class=\"hertz-button-text\">CZYTAJ WI\u0118CEJ<\/span>\r\n    <\/a>\r\n        <\/div>\n            <div class=\"bloglisting-entry\">\n            <div>\n                <p class=\"bloglisting-entry-header\">Hawk w akcji<\/p>\n                <img decoding=\"async\" class=\"bloglisting-entry-image\" src=\"https:\/\/hertznt.eu\/wp-content\/uploads\/2024\/08\/6eb4c08933787eb97a1507864b025928-1.jpg\"\/>\n                <p class=\"bloglisting-entry-text hertz-text\">\n                    Relacja z test\u00f3w systemu antydronowego Hawk na poligonie Wojskowego Instytutu Techniki Uzbrojenia w Zielonce.                <\/p>\n            <\/div>\n            <a\r\n        class=\"hertz-button normal \"\r\n     href=\"https:\/\/hertznt.eu\/pl\/hawk-w-akcji\/\"        >\r\n    <span class=\"hertz-button-text\">CZYTAJ WI\u0118CEJ<\/span>\r\n    <\/a>\r\n        <\/div>\n            <div class=\"bloglisting-entry\">\n            <div>\n                <p class=\"bloglisting-entry-header\">Wspieramy Polsk\u0105 Policj\u0119<\/p>\n                <img decoding=\"async\" class=\"bloglisting-entry-image\" src=\"https:\/\/hertznt.eu\/wp-content\/uploads\/2024\/08\/d1f85c6236785a282647b4312feb9c1a.jpg\"\/>\n                <p class=\"bloglisting-entry-text hertz-text\">\n                    Wdro\u017cenie Mobilnego Centrum Wsparcia Technicznego i Dowodzenia wyposa\u017conego w\r\nsystem antydronowy HAWK w Komendzie Wojew\u00f3dzkiej Policji w Szczecinie.                <\/p>\n            <\/div>\n            <a\r\n        class=\"hertz-button normal \"\r\n     href=\"https:\/\/hertznt.eu\/pl\/wspieramy-polska-policje\/\"        >\r\n    <span class=\"hertz-button-text\">CZYTAJ WI\u0118CEJ<\/span>\r\n    <\/a>\r\n        <\/div>\n    <\/div>\n<div class=\"bloglisting-nav-container\">\n    <button class=\"bloglisting-nav-arrow\" data-direction=\"0\">\n        <img decoding=\"async\" class=\"bloglisting-nav-arrow-image\"\n             src=\"https:\/\/hertznt.eu\/wp-content\/themes\/hertz\/public\/icons\/arrow-left.png\"\/>\n    <\/button>\n    <div class=\"bloglisting-nav\"><\/div>\n    <button class=\"bloglisting-nav-arrow\" data-direction=\"1\">\n        <img decoding=\"async\" class=\"bloglisting-nav-arrow-image\"\n             src=\"https:\/\/hertznt.eu\/wp-content\/themes\/hertz\/public\/icons\/arrow-right.png\"\/>\n    <\/button>\n<\/div>\n    <\/div>\n\n\n    <script src=\"https:\/\/hertznt.eu\/wp-content\/themes\/hertz\/public\/slick\/slick\/slick.min.js\"><\/script>\n    <script>\n        const sliderContainer = $(\".bloglisting-entries\");\n        let sliderDebounce = null;\n        let slickSlidesToScroll = null;\n\n        const slickConfig = {\n            arrows: false,\n            slidesToShow: 5,\n            slidesToScroll: 5,\n            speed: 250,\n            infinite: false,\n            responsive: [\n                {\n                    breakpoint: 851,\n                    settings: {\n                        slidesToShow: 2,\n                        slidesToScroll: 2\n                    }\n                }\n            ]\n        };\n\n        sliderContainer.slick(slickConfig);\n\n        $(window).on('load resize', function () {\n            const slickObject = sliderContainer.slick('getSlick');\n            const slideCount = slickObject.slideCount;\n            const slidesPerView = slickObject.options.slidesToShow;\n            slickSlidesToScroll = slickObject.options.slidesToScroll;\n            const pagesToShow = Math.ceil(slideCount \/ slidesPerView);\n            const currentSlide = slickObject.currentSlide;\n\n            if (pagesToShow <= 1) {\n                $(\".bloglisting-nav-container\").addClass('hertz-hidden');\n            } else {\n                $(\".bloglisting-nav-container\").removeClass('hertz-hidden');\n            }\n\n            $(\".bloglisting-nav\").html('');\n\n            for (let i = 1; i <= pagesToShow; i++) {\n                let className = \"bloglisting-nav-item\";\n\n                if (i === ((currentSlide \/ slickSlidesToScroll) + 1)) {\n                    className += \" active\";\n                }\n\n                $(\".bloglisting-nav\").append($('<button class=\"' + className + '\" data-slide=\"' + i + '\">' + i + '<\/button>'));\n            }\n        });\n\n        sliderContainer.on(\"beforeChange\", function (slick, currentSlide, nextSlide) {\n            $(\".bloglisting-nav-item, .bloglisting-nav-arrow\").each(function () {\n                $(this).data(\"locked\", \"1\");\n            })\n        });\n\n        sliderContainer.on(\"afterChange\", function (slick, currentSlide) {\n            const actualSlide = (currentSlide.currentSlide \/ slickSlidesToScroll) + 1;\n\n            $(\".bloglisting-nav-arrow\").data(\"locked\", \"0\");\n\n            $(\".bloglisting-nav-item\").each(function () {\n                $(this).removeClass(\"active\");\n                $(this).data(\"locked\", \"0\");\n\n                if (parseInt($(this).data(\"slide\")) === actualSlide) {\n                    $(this).addClass(\"active\");\n                }\n            })\n        });\n\n        $(\"body\").on('click', \".bloglisting-nav-item\", function () {\n            slideToSlide($(this));\n        });\n\n        $(\".bloglisting-nav-arrow\").on('click', function () {\n            slideToDirection($(this));\n        })\n\n        function slideToDirection(buttonElement) {\n            if (buttonElement.data('locked') === \"1\") {\n                clearTimeout(sliderDebounce);\n\n                sliderDebounce = setTimeout(function (elem) {\n                    slideToDirection(elem);\n                }, 250, buttonElement)\n\n                return;\n            }\n\n            const direction = buttonElement.data('direction');\n\n            if (direction === 1) {\n                sliderContainer.slick(\"slickNext\");\n            } else {\n                sliderContainer.slick(\"slickPrev\");\n            }\n        }\n\n        function slideToSlide(buttonElement) {\n            if (buttonElement.data(\"locked\") === \"1\") {\n                clearTimeout(sliderDebounce);\n\n                sliderDebounce = setTimeout(function (elem) {\n                    slideToSlide(elem);\n                }, 250, buttonElement);\n\n                return;\n            }\n\n            sliderContainer.slick('slickGoTo', (parseInt(buttonElement.data(\"slide\")) - 1) * slickSlidesToScroll);\n\n            $(\".bloglisting-nav-item\").each(function () {\n                $(this).removeClass(\"active\");\n            })\n\n            buttonElement.addClass(\"active\");\n        }\n    <\/script>\n\n\n\n<div class=\"element hertz-container productslist-container\">\n            <h2 class=\"productslist-header hertz-header\">Nasze produkty<\/h2>\n        <div class=\"productslist-products\">\n                    <div class=\"productslist-product\">\n                <p class=\"productslist-name\">HAWK BASIC<\/p>\n                <img decoding=\"async\" class=\"productslist-image\" src=\"https:\/\/hertznt.eu\/wp-content\/uploads\/2024\/08\/PRODUKT_FEX10-1.jpg\"\/>\n                <div class=\"hertz-flex\">\n                    <a\r\n        class=\"hertz-button normal \"\r\n     href=\"\/pl\/produkty\/hawk-basic\"        >\r\n    <span class=\"hertz-button-text\">WI\u0118CEJ<\/span>\r\n    <\/a>\r\n                <\/div>\n            <\/div>\n                    <div class=\"productslist-product\">\n                <p class=\"productslist-name\">HAWK ADVANCED<\/p>\n                <img decoding=\"async\" class=\"productslist-image\" src=\"https:\/\/hertznt.eu\/wp-content\/uploads\/2024\/12\/NS4000-FRONT.png\"\/>\n                <div class=\"hertz-flex\">\n                    <a\r\n        class=\"hertz-button normal \"\r\n     href=\"\/pl\/produkty\/hawk-advanced\"        >\r\n    <span class=\"hertz-button-text\">WI\u0118CEJ<\/span>\r\n    <\/a>\r\n                <\/div>\n            <\/div>\n                    <div class=\"productslist-product\">\n                <p class=\"productslist-name\">HAWK MOBILE<\/p>\n                <img decoding=\"async\" class=\"productslist-image\" src=\"https:\/\/hertznt.eu\/wp-content\/uploads\/2024\/12\/FOTO-58-1.jpg\"\/>\n                <div class=\"hertz-flex\">\n                    <a\r\n        class=\"hertz-button normal \"\r\n     href=\"\/pl\/produkty\/hawk-mobile\"        >\r\n    <span class=\"hertz-button-text\">WI\u0118CEJ<\/span>\r\n    <\/a>\r\n                <\/div>\n            <\/div>\n                    <div class=\"productslist-product\">\n                <p class=\"productslist-name\">HAWK C2<\/p>\n                <img decoding=\"async\" class=\"productslist-image\" src=\"https:\/\/hertznt.eu\/wp-content\/uploads\/2024\/08\/PRODUKT_FEX10-1-3.jpg\"\/>\n                <div class=\"hertz-flex\">\n                    <a\r\n        class=\"hertz-button normal \"\r\n     href=\"\/pl\/produkty\/hawk-c2\"        >\r\n    <span class=\"hertz-button-text\">WI\u0118CEJ<\/span>\r\n    <\/a>\r\n                <\/div>\n            <\/div>\n                    <div class=\"productslist-product\">\n                <p class=\"productslist-name\">JAMMERY<\/p>\n                <img decoding=\"async\" class=\"productslist-image\" src=\"https:\/\/hertznt.eu\/wp-content\/uploads\/2024\/11\/PROJECT-FRAME.jpg\"\/>\n                <div class=\"hertz-flex\">\n                    <a\r\n        class=\"hertz-button normal \"\r\n     href=\"\/pl\/produkty\/jammery\"        >\r\n    <span class=\"hertz-button-text\">WI\u0118CEJ<\/span>\r\n    <\/a>\r\n                <\/div>\n            <\/div>\n            <\/div>\n<\/div>\n\n\n\n<div class=\"element hertz-container teamintroduction-container hertz-flex\">\n    <div class=\"hertz-content-left\">\n        <h2 class=\"hertz-header\">Kontakt<\/h2>\n    <\/div>\n    <div class=\"hertz-content-right hertz-flex\">\n                    <div class=\"teamintroduction-member\">\n                <p class=\"teamintroduction-member-header\">Kontakt og\u00f3lny<\/p>\n                <span class='teamintroduction-break'><\/span>\n                                                <p class=\"hertz-text\">Hertz New Technologies\r<br \/>\r<br \/>+48 68 328 70 10\r<br \/>\r<br \/>info@hertznt.pl<\/p>\n            <\/div>\n                    <div class=\"teamintroduction-member\">\n                <p class=\"teamintroduction-member-header\">Serwis<\/p>\n                <span class='teamintroduction-break'><\/span>\n                                                <p class=\"hertz-text\">serwis@hertznt.pl<\/p>\n            <\/div>\n                    <div class=\"teamintroduction-member\">\n                <p class=\"teamintroduction-member-header\">Sprzeda\u017c<\/p>\n                <span class='teamintroduction-break'><\/span>\n                                                <p class=\"hertz-text\">Piotr \u017belazek\r<br \/>\r<br \/>+48 724 444 272\r<br \/>\r<br \/>p.zelazek@hertznt.pl<\/p>\n            <\/div>\n                    <div class=\"teamintroduction-member\">\n                <p class=\"teamintroduction-member-header\">Media<\/p>\n                <span class='teamintroduction-break'><\/span>\n                                                <p class=\"hertz-text\">Piotr \u017belazek\r<br \/>\r<br \/>+48 724 444 272\r<br \/>\r<br \/>p.zelazek@hertznt.pl<\/p>\n            <\/div>\n            <\/div>\n<\/div>\n","protected":false},"excerpt":{"rendered":"","protected":false},"author":1,"featured_media":0,"parent":0,"menu_order":0,"comment_status":"closed","ping_status":"closed","template":"wp-custom-template-pages-pl-2","meta":{"_acf_changed":false,"_monsterinsights_skip_tracking":false,"_monsterinsights_sitenote_active":false,"_monsterinsights_sitenote_note":"","_monsterinsights_sitenote_category":0,"footnotes":""},"class_list":["post-314","page","type-page","status-publish","hentry"],"acf":[],"_links":{"self":[{"href":"https:\/\/hertznt.eu\/pl\/wp-json\/wp\/v2\/pages\/314","targetHints":{"allow":["GET"]}}],"collection":[{"href":"https:\/\/hertznt.eu\/pl\/wp-json\/wp\/v2\/pages"}],"about":[{"href":"https:\/\/hertznt.eu\/pl\/wp-json\/wp\/v2\/types\/page"}],"author":[{"embeddable":true,"href":"https:\/\/hertznt.eu\/pl\/wp-json\/wp\/v2\/users\/1"}],"replies":[{"embeddable":true,"href":"https:\/\/hertznt.eu\/pl\/wp-json\/wp\/v2\/comments?post=314"}],"version-history":[{"count":7,"href":"https:\/\/hertznt.eu\/pl\/wp-json\/wp\/v2\/pages\/314\/revisions"}],"predecessor-version":[{"id":674,"href":"https:\/\/hertznt.eu\/pl\/wp-json\/wp\/v2\/pages\/314\/revisions\/674"}],"wp:attachment":[{"href":"https:\/\/hertznt.eu\/pl\/wp-json\/wp\/v2\/media?parent=314"}],"curies":[{"name":"wp","href":"https:\/\/api.w.org\/{rel}","templated":true}]}}