{"id":1464,"date":"2025-11-24T13:07:03","date_gmt":"2025-11-24T13:07:03","guid":{"rendered":"https:\/\/hertznt.eu\/?page_id=1464"},"modified":"2025-11-24T13:44:05","modified_gmt":"2025-11-24T13:44:05","slug":"inzynier-oprogramowania","status":"publish","type":"page","link":"https:\/\/hertznt.eu\/pl\/inzynier-oprogramowania\/","title":{"rendered":"In\u017cynier Oprogramowania"},"content":{"rendered":"<div class=\"headerpicture\">\n                <img decoding=\"async\" alt=\"Main header image - Hertz\" class=\"headerpicture-image headerpicture-image-desktop\"\n             src=\"https:\/\/hertznt.eu\/wp-content\/uploads\/2024\/08\/8fc237b5fa962e61f22f5fb62b27e5e7-scaled.jpg\"\/>\n                <img decoding=\"async\" alt=\"Main header image mobile - Hertz\" class=\"headerpicture-image headerpicture-image-mobile\"\n             src=\"https:\/\/hertznt.eu\/wp-content\/uploads\/2024\/08\/8fc237b5fa962e61f22f5fb62b27e5e7-scaled.jpg\"\/>\n    <\/div>\n<div class=\"headerpicture-filler\"><\/div>\n\n\n\r\n<div class=\"element hertz-container mainnavigation-container hertz-flex alternate\">\r\n    <div class=\"hmainnavigation-content-left\">\r\n        <div class=\"hertz-flex\">\r\n            <a class=\"mainnavigation-logo-link\" href=\"\/pl\"\r\n               >\r\n                <img decoding=\"async\" class=\"mainnavigation-logo-image\" alt=\"Hertz Logo\" src=\"https:\/\/hertznt.eu\/wp-content\/uploads\/2024\/08\/Group-74-3.png\"\/>\r\n            <\/a>\r\n        <\/div>\r\n    <\/div>\r\n    <div class=\"mainnavigation-content-right hertz-flex mainnavigation-mobile\">\r\n        <button class=\"mainnavigation-mobile-close\">\r\n            <span>\r\n            &times;\r\n            <\/span>\r\n        <\/button>\r\n        <a class=\"mainnavigation-mobile-logo-link\" href=\"\/pl\"\r\n           >\r\n            <img decoding=\"async\" class=\"mainnavigation-mobile-logo-image\" alt=\"Hertz Logo\" src=\"https:\/\/hertznt.eu\/wp-content\/uploads\/2024\/08\/Group-74-3.png\"\/>\r\n        <\/a>\r\n        <nav class=\"mainnavigation-nav\">\r\n                            <a\r\n        class=\"hertz-button normal mainnavigation-link\"\r\n     href=\"\/pl\/produkty\"        >\r\n    <span class=\"hertz-button-text\">HAWK C-UAS<\/span>\r\n    <\/a>\r\n                            <a\r\n        class=\"hertz-button normal mainnavigation-link\"\r\n     href=\"\/pl\/medtech\"        >\r\n    <span class=\"hertz-button-text\">MEDTECH<\/span>\r\n    <\/a>\r\n                            <a\r\n        class=\"hertz-button normal mainnavigation-link\"\r\n     href=\"\/pl\/blog\"        >\r\n    <span class=\"hertz-button-text\">AKTUALNIE<\/span>\r\n    <\/a>\r\n                            <a\r\n        class=\"hertz-button normal mainnavigation-link\"\r\n     href=\"\/pl\/o-nas\"        >\r\n    <span class=\"hertz-button-text\">O NAS<\/span>\r\n    <\/a>\r\n                            <a\r\n        class=\"hertz-button normal mainnavigation-link\"\r\n     href=\"\/pl\/kariery\"        >\r\n    <span class=\"hertz-button-text\">KARIERA<\/span>\r\n    <\/a>\r\n                            <a\r\n        class=\"hertz-button normal mainnavigation-link\"\r\n     href=\"\/pl\/kontakt\"        >\r\n    <span class=\"hertz-button-text\">KONTAKT<\/span>\r\n    <\/a>\r\n                    <\/nav>\r\n        <div class=\"mainnavigation-languages\">\r\n                            <a class=\"mainnavigation-language \"\r\n                   href=\"\/\">\r\n                    EN                <\/a>\r\n                            <a class=\"mainnavigation-language active\"\r\n                   href=\"\/pl\">\r\n                    PL                <\/a>\r\n                    <\/div>\r\n    <\/div>\r\n    <button class=\"mainnavigation-mobile-open\">\r\n        <span class=\"dashicons dashicons-menu-alt\"><\/span>\r\n    <\/button>\r\n<\/div>\r\n\r\n    <script>\r\n        $(\".mainnavigation-mobile-open\").on(\"click\", function () {\r\n            $(\".mainnavigation-mobile\").addClass(\"active\");\r\n        });\r\n\r\n        $(\".mainnavigation-mobile-close\").on(\"click\", function () {\r\n            $(\".mainnavigation-mobile\").removeClass(\"active\");\r\n        });\r\n    <\/script>\r\n\n\n\r\n<div class=\"element hertz-container offerheader-container\">\r\n    <div class=\"offerheader-side-left\">\r\n        <h2 class=\"hertz-header hertz-preserve-case hertz-underline offerheader-header\">In\u017cynier Oprogramowania<\/h2>\r\n        <div class=\"offerheader-row\">\r\n            <img decoding=\"async\" class=\"offerheader-row-icon\"\r\n                 src=\"https:\/\/hertznt.eu\/wp-content\/themes\/hertz\/public\/icons\/location.svg\"\/>\r\n            <p class=\"hertz-text\">Zielona G\u00f3ra, lubuskie<\/p>\r\n        <\/div>\r\n        <div class=\"offerheader-row\">\r\n            <img decoding=\"async\" class=\"offerheader-row-icon\"\r\n                 src=\"https:\/\/hertznt.eu\/wp-content\/themes\/hertz\/public\/icons\/clock.svg\"\/>\r\n            <p class=\"hertz-text\">Pe\u0142ny etat<\/p>\r\n        <\/div>\r\n        <div class=\"offerheader-row\">\r\n            <img decoding=\"async\" class=\"offerheader-row-icon\"\r\n                 src=\"https:\/\/hertznt.eu\/wp-content\/themes\/hertz\/public\/icons\/clipboard.svg\"\/>\r\n            <p class=\"hertz-text\">Umowa o prac\u0119, Kontrakt B2B<\/p>\r\n        <\/div>\r\n                    <br\/>\r\n            <div class=\"offerheader-row\">\r\n                <p class=\"hertz-text\">\r\n                    Oferta wa\u017cna od                    24\/11\/2025                    do                    31\/12\/2025                <\/p>\r\n            <\/div>\r\n            <\/div>\r\n    <div class=\"offerheader-content\">\r\n        <p class=\"offerheader-label hertz-text\">Informacje o ofercie pracy<\/p>\r\n        <p class=\"offerheader-header-right\">Oferta pracy na stanowisko:  Software Engineer<\/p>\r\n        <p class=\"hertz-text\">Hertz New Technologies to lider w dziedzinie zaawansowanych technologii antydronowych, specjalizuj\u0105cy si\u0119 w dostarczaniu kompaktowych i wysoce skutecznych system\u00f3w ochrony przestrzeni powietrznej. Nasze rozwi\u0105zania, oparte na nowoczesnych technologiach i zaawansowanej in\u017cynierii, zapewniaj\u0105 niezawodne bezpiecze\u0144stwo i ochron\u0119 przed zagro\u017ceniami ze strony dron\u00f3w. Oferujemy zar\u00f3wno urz\u0105dzenia antydronowe, jak i kompleksowe systemy bazuj\u0105ce na sensorach detekcji, neutralizacji oraz zaawansowanym oprogramowaniu do analizy obraz\u00f3w.\r<br \/>\r<br \/>Poszukujemy In\u017cyniera Oprogramowania z do\u015bwiadczeniem w programowaniu niskopoziomowym i analizie danych. Do\u0142\u0105czaj\u0105c do nas, b\u0119dziesz rozwija\u0107 wysoko wydajne modu\u0142y przetwarzania i analizy danych, pracowa\u0107 nad inteligentn\u0105 analiz\u0105 obiekt\u00f3w i wspiera\u0107 integracj\u0119 rozproszonego systemu na Linuxie.<\/p>\r\n    <\/div>\r\n    <div class=\"hertz-flex offerheader-side-right\">\r\n        <a\r\n        class=\"hertz-button reverse borderless \"\r\n     href=\"https:\/\/hertznt.eu\/pl\/kariery\/formularz-zgloszeniowy\/\"        target=\"_blank\" >\r\n    <span class=\"hertz-button-text\">APLIKUJ<\/span>\r\n    <svg class=\"hertz-button-arrow hertz-button-arrow-reverse borderless\" width=\"43\" height=\"30\"\r\n     viewBox=\"0 0 43 30\" fill=\"none\" xmlns=\"http:\/\/www.w3.org\/2000\/svg\">\r\n    <path id=\"Line 5\"\r\n          d=\"M42.4142 16.4142C43.1953 15.6332 43.1953 14.3668 42.4142 13.5858L29.6863 0.857864C28.9052 0.0768156 27.6389 0.0768156 26.8579 0.857864C26.0768 1.63891 26.0768 2.90524 26.8579 3.68629L38.1716 15L26.8579 26.3137C26.0768 27.0948 26.0768 28.3611 26.8579 29.1421C27.6389 29.9232 28.9052 29.9232 29.6863 29.1421L42.4142 16.4142ZM0 17H41V13H0V17Z\"\/>\r\n<\/svg>\r\n<\/a>\r\n    <\/div>\r\n<\/div>\r\n\n\n\r\n<div class=\"element hertz-container offerdetails-container\"\r\n     >\r\n    <div class=\"offerdetails-side-left\">\r\n        <h2 class=\"offerdetails-header\">Zakres obowi\u0105zk\u00f3w<\/h2>\r\n            <\/div>\r\n    <div class=\"offerdetails-content\">\r\n        <p class=\"offerdetails-list-header\">Twoje obowi\u0105zki:<\/p>\r\n                    <p class=\"offerdetails-list-item hertz-text\">&nbsp;&#8226;&nbsp;Projektowanie i implementacja modu\u0142\u00f3w do przetwarzania i analizy danych w czasie rzeczywistym<\/p>\r\n                    <p class=\"offerdetails-list-item hertz-text\">&nbsp;&#8226;&nbsp;Tworzenie algorytm\u00f3w korelacji sygna\u0142\u00f3w, estymacji cel\u00f3w oraz analizy zachowa\u0144 obiekt\u00f3w<\/p>\r\n                    <p class=\"offerdetails-list-item hertz-text\">&nbsp;&#8226;&nbsp;Zapewnienie skalowalno\u015bci implementacji i efektywnego przetwarzania du\u017cych wolumen\u00f3w danych<\/p>\r\n                    <p class=\"offerdetails-list-item hertz-text\">&nbsp;&#8226;&nbsp;\u015acis\u0142a wsp\u00f3\u0142praca z zespo\u0142em in\u017cynier\u00f3w nad optymalizacj\u0105 wydajno\u015bci, skalowalno\u015bci\u0105 i integracj\u0105 sensor\u00f3w<\/p>\r\n                    <p class=\"offerdetails-list-item hertz-text\">&nbsp;&#8226;&nbsp;Uczestnictwo w projektowaniu architektury systemu oraz przegl\u0105dach kodu<\/p>\r\n                    <p class=\"offerdetails-list-item hertz-text\">&nbsp;&#8226;&nbsp;Prowadzenie przejrzystej dokumentacji technicznej i strategii test\u00f3w<\/p>\r\n                    <\/div>\r\n<\/div>\r\n\n\n\r\n<div class=\"element hertz-container offerdetails-container\"\r\n     style=\"background-color: #EFEFEF\">\r\n    <div class=\"offerdetails-side-left\">\r\n        <h2 class=\"offerdetails-header\">Wymagania<\/h2>\r\n            <\/div>\r\n    <div class=\"offerdetails-content\">\r\n        <p class=\"offerdetails-list-header\">Nasze wymagania:<\/p>\r\n                    <p class=\"offerdetails-list-item hertz-text\">&nbsp;&#8226;&nbsp;Bieg\u0142a znajomo\u015b\u0107 j\u0119zyk\u00f3w C i\/lub Rust (C++ b\u0119dzie dodatkowym atutem)<\/p>\r\n                    <p class=\"offerdetails-list-item hertz-text\">&nbsp;&#8226;&nbsp;Dobra znajomo\u015b\u0107 system\u00f3w Linux (programowanie w przestrzeni u\u017cytkownika, sie\u0107, IPC itp.)<\/p>\r\n                    <p class=\"offerdetails-list-item hertz-text\">&nbsp;&#8226;&nbsp;Do\u015bwiadczenie w analizie problem\u00f3w i projektowaniu algorytm\u00f3w<\/p>\r\n                    <p class=\"offerdetails-list-item hertz-text\">&nbsp;&#8226;&nbsp;Umiej\u0119tno\u015b\u0107 samodzielnego rozwi\u0105zywania z\u0142o\u017conych problem\u00f3w technicznych<\/p>\r\n                    <p class=\"offerdetails-list-item hertz-text\">&nbsp;&#8226;&nbsp;Dobra znajomo\u015b\u0107 j\u0119zyka angielskiego w mowie i pi\u015bmie<\/p>\r\n                    <p class=\"offerdetails-list-item hertz-text\">&nbsp;&#8226;&nbsp;Umiej\u0119tno\u015b\u0107 efektywnej wsp\u00f3\u0142pracy w zespole i komunikacji<\/p>\r\n                            <p class=\"offerdetails-text hertz-text\">Mile widziane:\r<br \/>\u00b7 Do\u015bwiadczenie w systemach czasu rzeczywistego, przetwarzaniu sygna\u0142\u00f3w\/danych lub fuzji sensor\u00f3w\r<br \/>\u00b7 Podstawy uczenia maszynowego lub rozpoznawania wzorc\u00f3w\r<br \/>\u00b7 Znajomo\u015b\u0107 projektowania system\u00f3w wielow\u0105tkowych i rozproszonych<\/p>\r\n            <\/div>\r\n<\/div>\r\n\n\n\r\n<div class=\"element hertz-container offerdetails-container\"\r\n     >\r\n    <div class=\"offerdetails-side-left\">\r\n        <h2 class=\"offerdetails-header\">Oferta<\/h2>\r\n                    <div class=\"hertz-flex offerdetails-button-container\">\r\n                <a\r\n        class=\"hertz-button reverse borderless \"\r\n     href=\"https:\/\/hertznt.eu\/pl\/kariery\/formularz-zgloszeniowy\/\"        target=\"_blank\" >\r\n    <span class=\"hertz-button-text\">APLIKUJ<\/span>\r\n    <svg class=\"hertz-button-arrow hertz-button-arrow-reverse borderless\" width=\"43\" height=\"30\"\r\n     viewBox=\"0 0 43 30\" fill=\"none\" xmlns=\"http:\/\/www.w3.org\/2000\/svg\">\r\n    <path id=\"Line 5\"\r\n          d=\"M42.4142 16.4142C43.1953 15.6332 43.1953 14.3668 42.4142 13.5858L29.6863 0.857864C28.9052 0.0768156 27.6389 0.0768156 26.8579 0.857864C26.0768 1.63891 26.0768 2.90524 26.8579 3.68629L38.1716 15L26.8579 26.3137C26.0768 27.0948 26.0768 28.3611 26.8579 29.1421C27.6389 29.9232 28.9052 29.9232 29.6863 29.1421L42.4142 16.4142ZM0 17H41V13H0V17Z\"\/>\r\n<\/svg>\r\n<\/a>\r\n            <\/div>\r\n            <\/div>\r\n    <div class=\"offerdetails-content\">\r\n        <p class=\"offerdetails-list-header\">Co oferujemy:<\/p>\r\n                    <p class=\"offerdetails-list-item hertz-text\">&nbsp;&#8226;&nbsp;Mo\u017cliwo\u015b\u0107 pracy w dynamicznie rozwijaj\u0105cej si\u0119 bran\u017cy nowych technologii,<\/p>\r\n                    <p class=\"offerdetails-list-item hertz-text\">&nbsp;&#8226;&nbsp;Stabilne warunki wsp\u00f3\u0142pracy w oparciu o umow\u0119 o prac\u0119 lub kontrakt B2B,<\/p>\r\n                    <p class=\"offerdetails-list-item hertz-text\">&nbsp;&#8226;&nbsp;Praca w biurze w Zielonej G\u00f3rze,<\/p>\r\n                    <p class=\"offerdetails-list-item hertz-text\">&nbsp;&#8226;&nbsp;Wynagrodzenie adekwatne do do\u015bwiadczenia i kompetencji,<\/p>\r\n                    <p class=\"offerdetails-list-item hertz-text\">&nbsp;&#8226;&nbsp;Przyjazn\u0105 atmosfer\u0119 pracy, woln\u0105 od korporacyjnych struktur,<\/p>\r\n                    <p class=\"offerdetails-list-item hertz-text\">&nbsp;&#8226;&nbsp;Mo\u017cliwo\u015b\u0107 rozwoju zawodowego w obszarze zaawansowanych technologii,<\/p>\r\n                    <p class=\"offerdetails-list-item hertz-text\">&nbsp;&#8226;&nbsp;Dodatkowe benefity, w tym opcjonalne ubezpieczenie na \u017cycie,<\/p>\r\n                    <p class=\"offerdetails-list-item hertz-text\">&nbsp;&#8226;&nbsp;Niezb\u0119dne narz\u0119dzia pracy: komputer, telefon.<\/p>\r\n                            <p class=\"offerdetails-text hertz-text\">Je\u015bli zaciekawi\u0142a Ci\u0119 nasza oferta i jeste\u015b gotowy podj\u0105\u0107 wyzwanie, przy\u015blij nam swoj\u0105 aplikacj\u0119 poprzez przycisk aplikowania lub mailowo na adres rekrutacja@hertznt.pl. \r<br \/>Wychodzimy z za\u0142o\u017cenia, \u017ce oferta to jedno, ale kluczem jest wsp\u00f3lna rozmowa!\r<br \/>Zastrzegamy sobie prawo do kontaktu tylko z wybranymi Kandydatami.\r<br \/>\r<br \/>\r<br \/>Prosimy o zawarcie w CV klauzuli:\r<br \/>\u201eWyra\u017cam zgod\u0119 na przetwarzanie danych osobowych zawartych w dokumentach przes\u0142anych w odpowiedzi na ofert\u0119 pracy dla potrzeb niezb\u0119dnych do realizacji procesu rekrutacji prowadzonego przez Hertz New Technologies Sp. z o.o. z siedzib\u0105 przy ul. Nowy Kisielin &#8211; A. Wysockiego 1, 66-002 Zielona G\u00f3ra zgodnie z ustaw\u0105 z dnia 29 sierpnia 1997 r. o ochronie danych osobowych (t.j. Dz. U. z 2016 r., poz. 922). Jednocze\u015bnie wyra\u017cam zgod\u0119 na przetwarzanie przez Hertz New Technologies Sp. z o.o. moich danych osobowych uzyskanych w procesie rekrutacji przez okres 1 roku od daty przes\u0142ania niniejszego dokumentu na potrzeby przysz\u0142ych rekrutacji.\u201d\r<br \/>\r<br \/>Informujemy, \u017ce Administratorem danych jest Hertz New Technologies Sp. z o.o. z siedzib\u0105 w Zielonej G\u00f3rze przy ul. Nowy Kisielin &#8211; A. Wysockiego 1, 66-002 Zielona G\u00f3ra. Dane zbierane s\u0105 dla potrzeb rekrutacji. Ma Pani\/Pan prawo dost\u0119pu do tre\u015bci swoich danych oraz ich poprawiania. Podanie danych w zakresie okre\u015blonym przepisami ustawy z dnia 26 czerwca 1974 r. Kodeks pracy oraz akt\u00f3w wykonawczych jest obowi\u0105zkowe. Podanie dodatkowych danych osobowych jest dobrowolne.<\/p>\r\n            <\/div>\r\n<\/div>\r\n\n\n\n<p><\/p>\n","protected":false},"excerpt":{"rendered":"","protected":false},"author":1,"featured_media":0,"parent":0,"menu_order":0,"comment_status":"closed","ping_status":"closed","template":"","meta":{"_acf_changed":false,"_monsterinsights_skip_tracking":false,"_monsterinsights_sitenote_active":false,"_monsterinsights_sitenote_note":"","_monsterinsights_sitenote_category":0,"footnotes":""},"class_list":["post-1464","page","type-page","status-publish","hentry"],"acf":[],"_links":{"self":[{"href":"https:\/\/hertznt.eu\/pl\/wp-json\/wp\/v2\/pages\/1464","targetHints":{"allow":["GET"]}}],"collection":[{"href":"https:\/\/hertznt.eu\/pl\/wp-json\/wp\/v2\/pages"}],"about":[{"href":"https:\/\/hertznt.eu\/pl\/wp-json\/wp\/v2\/types\/page"}],"author":[{"embeddable":true,"href":"https:\/\/hertznt.eu\/pl\/wp-json\/wp\/v2\/users\/1"}],"replies":[{"embeddable":true,"href":"https:\/\/hertznt.eu\/pl\/wp-json\/wp\/v2\/comments?post=1464"}],"version-history":[{"count":6,"href":"https:\/\/hertznt.eu\/pl\/wp-json\/wp\/v2\/pages\/1464\/revisions"}],"predecessor-version":[{"id":1488,"href":"https:\/\/hertznt.eu\/pl\/wp-json\/wp\/v2\/pages\/1464\/revisions\/1488"}],"wp:attachment":[{"href":"https:\/\/hertznt.eu\/pl\/wp-json\/wp\/v2\/media?parent=1464"}],"curies":[{"name":"wp","href":"https:\/\/api.w.org\/{rel}","templated":true}]}}