{"id":1395,"date":"2025-07-15T16:31:45","date_gmt":"2025-07-15T16:31:45","guid":{"rendered":"https:\/\/hertznt.eu\/?page_id=1395"},"modified":"2025-07-16T08:35:00","modified_gmt":"2025-07-16T08:35:00","slug":"oferta-architekt-systemu","status":"publish","type":"page","link":"https:\/\/hertznt.eu\/pl\/kariery\/oferta-architekt-systemu\/","title":{"rendered":"Architekt Systemu"},"content":{"rendered":"<div class=\"headerpicture\">\n                <img decoding=\"async\" alt=\"Main header image - Hertz\" class=\"headerpicture-image headerpicture-image-desktop\"\n             src=\"https:\/\/hertznt.eu\/wp-content\/uploads\/2024\/08\/8fc237b5fa962e61f22f5fb62b27e5e7-scaled.jpg\"\/>\n                <img decoding=\"async\" alt=\"Main header image mobile - Hertz\" class=\"headerpicture-image headerpicture-image-mobile\"\n             src=\"https:\/\/hertznt.eu\/wp-content\/uploads\/2024\/08\/8fc237b5fa962e61f22f5fb62b27e5e7-scaled.jpg\"\/>\n    <\/div>\n<div class=\"headerpicture-filler\"><\/div>\n\n\n\r\n<div class=\"element hertz-container mainnavigation-container hertz-flex alternate\">\r\n    <div class=\"hmainnavigation-content-left\">\r\n        <div class=\"hertz-flex\">\r\n            <a class=\"mainnavigation-logo-link\" href=\"\/pl\"\r\n               >\r\n                <img decoding=\"async\" class=\"mainnavigation-logo-image\" alt=\"Hertz Logo\" src=\"https:\/\/hertznt.eu\/wp-content\/uploads\/2024\/08\/Group-74-3.png\"\/>\r\n            <\/a>\r\n        <\/div>\r\n    <\/div>\r\n    <div class=\"mainnavigation-content-right hertz-flex mainnavigation-mobile\">\r\n        <button class=\"mainnavigation-mobile-close\">\r\n            <span>\r\n            &times;\r\n            <\/span>\r\n        <\/button>\r\n        <a class=\"mainnavigation-mobile-logo-link\" href=\"\/pl\"\r\n           >\r\n            <img decoding=\"async\" class=\"mainnavigation-mobile-logo-image\" alt=\"Hertz Logo\" src=\"https:\/\/hertznt.eu\/wp-content\/uploads\/2024\/08\/Group-74-3.png\"\/>\r\n        <\/a>\r\n        <nav class=\"mainnavigation-nav\">\r\n                            <a\r\n        class=\"hertz-button normal mainnavigation-link\"\r\n     href=\"\/pl\/produkty\"        >\r\n    <span class=\"hertz-button-text\">HAWK C-UAS<\/span>\r\n    <\/a>\r\n                            <a\r\n        class=\"hertz-button normal mainnavigation-link\"\r\n     href=\"\/pl\/medtech\"        >\r\n    <span class=\"hertz-button-text\">MEDTECH<\/span>\r\n    <\/a>\r\n                            <a\r\n        class=\"hertz-button normal mainnavigation-link\"\r\n     href=\"\/pl\/blog\"        >\r\n    <span class=\"hertz-button-text\">AKTUALNIE<\/span>\r\n    <\/a>\r\n                            <a\r\n        class=\"hertz-button normal mainnavigation-link\"\r\n     href=\"\/pl\/o-nas\"        >\r\n    <span class=\"hertz-button-text\">O NAS<\/span>\r\n    <\/a>\r\n                            <a\r\n        class=\"hertz-button normal mainnavigation-link\"\r\n     href=\"\/pl\/kariery\"        >\r\n    <span class=\"hertz-button-text\">KARIERA<\/span>\r\n    <\/a>\r\n                            <a\r\n        class=\"hertz-button normal mainnavigation-link\"\r\n     href=\"\/pl\/kontakt\"        >\r\n    <span class=\"hertz-button-text\">KONTAKT<\/span>\r\n    <\/a>\r\n                    <\/nav>\r\n        <div class=\"mainnavigation-languages\">\r\n                            <a class=\"mainnavigation-language \"\r\n                   href=\"\/\">\r\n                    EN                <\/a>\r\n                            <a class=\"mainnavigation-language active\"\r\n                   href=\"\/pl\">\r\n                    PL                <\/a>\r\n                    <\/div>\r\n    <\/div>\r\n    <button class=\"mainnavigation-mobile-open\">\r\n        <span class=\"dashicons dashicons-menu-alt\"><\/span>\r\n    <\/button>\r\n<\/div>\r\n\r\n    <script>\r\n        $(\".mainnavigation-mobile-open\").on(\"click\", function () {\r\n            $(\".mainnavigation-mobile\").addClass(\"active\");\r\n        });\r\n\r\n        $(\".mainnavigation-mobile-close\").on(\"click\", function () {\r\n            $(\".mainnavigation-mobile\").removeClass(\"active\");\r\n        });\r\n    <\/script>\r\n\n\n\r\n<div class=\"element hertz-container offerheader-container\">\r\n    <div class=\"offerheader-side-left\">\r\n        <h2 class=\"hertz-header hertz-preserve-case hertz-underline offerheader-header\">Architekt Systemu<\/h2>\r\n        <div class=\"offerheader-row\">\r\n            <img decoding=\"async\" class=\"offerheader-row-icon\"\r\n                 src=\"https:\/\/hertznt.eu\/wp-content\/themes\/hertz\/public\/icons\/location.svg\"\/>\r\n            <p class=\"hertz-text\">Zielona G\u00f3ra, lubuskie<\/p>\r\n        <\/div>\r\n        <div class=\"offerheader-row\">\r\n            <img decoding=\"async\" class=\"offerheader-row-icon\"\r\n                 src=\"https:\/\/hertznt.eu\/wp-content\/themes\/hertz\/public\/icons\/clock.svg\"\/>\r\n            <p class=\"hertz-text\">Pe\u0142ny etat<\/p>\r\n        <\/div>\r\n        <div class=\"offerheader-row\">\r\n            <img decoding=\"async\" class=\"offerheader-row-icon\"\r\n                 src=\"https:\/\/hertznt.eu\/wp-content\/themes\/hertz\/public\/icons\/clipboard.svg\"\/>\r\n            <p class=\"hertz-text\">Umowa o prac\u0119, Kontrakt B2B<\/p>\r\n        <\/div>\r\n                    <br\/>\r\n            <div class=\"offerheader-row\">\r\n                <p class=\"hertz-text\">\r\n                    Oferta wa\u017cna od                    01\/07\/2025                    do                    30\/09\/2025                <\/p>\r\n            <\/div>\r\n            <\/div>\r\n    <div class=\"offerheader-content\">\r\n        <p class=\"offerheader-label hertz-text\">Informacje o ofercie pracy<\/p>\r\n        <p class=\"offerheader-header-right\">Oferta pracy na stanowisko: Architekt Systemu<\/p>\r\n        <p class=\"hertz-text\">Hertz New Technologies to lider w dziedzinie zaawansowanych technologii antydronowych, specjalizuj\u0105cy si\u0119 w dostarczaniu kompaktowych i wysoce skutecznych system\u00f3w ochrony przestrzeni powietrznej. Nasze rozwi\u0105zania, oparte na nowoczesnych technologiach i zaawansowanej in\u017cynierii, zapewniaj\u0105 niezawodne bezpiecze\u0144stwo i ochron\u0119 przed zagro\u017ceniami ze strony dron\u00f3w. Oferujemy zar\u00f3wno urz\u0105dzenia antydronowe, jak i kompleksowe systemy bazuj\u0105ce na sensorach detekcji, neutralizacji oraz zaawansowanym oprogramowaniu do analizy obraz\u00f3w.\r<br \/>\r<br \/>Do zespo\u0142u technicznego poszukujemy osoby, kt\u00f3ra b\u0119dzie pracowa\u0107 na stanowisku Architekta Systemu i zajmie si\u0119 wsparciem rozwoju systemu antydronowego.\r<br \/>Jako architekt systemu b\u0119dziesz pe\u0142ni\u0142 kluczow\u0105 rol\u0119 w definicji kszta\u0142tu systemu, u\u017cytych komponent\u00f3w i rozwi\u0105za\u0144. B\u0119dziesz definiowa\u0142 interfejs u\u017cytkownika maj\u0105c na wzgl\u0119dzie komponenty wchodz\u0105ce w sk\u0142ad systemu, tworzy\u0142 schematy dost\u0119pu i rozwi\u0105zania dla bezpiecze\u0144stwa. Jako osoba na styku rozwoju systemu i biznesu b\u0119dziesz wsp\u00f3\u0142pracowa\u0142 z dostawcami na poziomie technicznym, ustala\u0142 wsp\u00f3lne interfejsy oraz strategie test\u00f3w. B\u0119dziesz wsp\u00f3\u0142pracowa\u0142 z zespo\u0142em programist\u00f3w i konstruktor\u00f3w, mentoruj\u0105c aby poszczeg\u00f3lne rozwi\u0105zania utworzy\u0142y sp\u00f3jny i niezawodny system\r<br \/><\/p>\r\n    <\/div>\r\n    <div class=\"hertz-flex offerheader-side-right\">\r\n        <a\r\n        class=\"hertz-button reverse borderless \"\r\n     href=\"https:\/\/hertznt.eu\/pl\/kariery\/formularz-zgloszeniowy\/\"        target=\"_blank\" >\r\n    <span class=\"hertz-button-text\">APLIKUJ<\/span>\r\n    <svg class=\"hertz-button-arrow hertz-button-arrow-reverse borderless\" width=\"43\" height=\"30\"\r\n     viewBox=\"0 0 43 30\" fill=\"none\" xmlns=\"http:\/\/www.w3.org\/2000\/svg\">\r\n    <path id=\"Line 5\"\r\n          d=\"M42.4142 16.4142C43.1953 15.6332 43.1953 14.3668 42.4142 13.5858L29.6863 0.857864C28.9052 0.0768156 27.6389 0.0768156 26.8579 0.857864C26.0768 1.63891 26.0768 2.90524 26.8579 3.68629L38.1716 15L26.8579 26.3137C26.0768 27.0948 26.0768 28.3611 26.8579 29.1421C27.6389 29.9232 28.9052 29.9232 29.6863 29.1421L42.4142 16.4142ZM0 17H41V13H0V17Z\"\/>\r\n<\/svg>\r\n<\/a>\r\n    <\/div>\r\n<\/div>\r\n\n\n\r\n<div class=\"element hertz-container offerdetails-container\"\r\n     >\r\n    <div class=\"offerdetails-side-left\">\r\n        <h2 class=\"offerdetails-header\">Zakres obowi\u0105zk\u00f3w<\/h2>\r\n            <\/div>\r\n    <div class=\"offerdetails-content\">\r\n        <p class=\"offerdetails-list-header\">Twoje obowi\u0105zki:<\/p>\r\n                    <p class=\"offerdetails-list-item hertz-text\">&nbsp;&#8226;&nbsp;Projektowanie architektury systemowej i podzia\u0142u na komponenty z uwzgl\u0119dnieniem wymaga\u0144 biznesowych i technicznych.<\/p>\r\n                    <p class=\"offerdetails-list-item hertz-text\">&nbsp;&#8226;&nbsp;Dob\u00f3r technologii, struktur baz danych, protoko\u0142\u00f3w komunikacyjnych oraz narz\u0119dzi wspieraj\u0105cych rozw\u00f3j i utrzymanie systemu.<\/p>\r\n                    <p class=\"offerdetails-list-item hertz-text\">&nbsp;&#8226;&nbsp;Definiowanie i nadzorowanie API oraz integracji z wewn\u0119trznymi i zewn\u0119trznymi systemami i urz\u0105dzeniami.<\/p>\r\n                    <p class=\"offerdetails-list-item hertz-text\">&nbsp;&#8226;&nbsp;Zapewnienie zgodno\u015bci z wymaganiami dotycz\u0105cymi wydajno\u015bci, niezawodno\u015bci, bezpiecze\u0144stwa i dost\u0119pno\u015bci system\u00f3w.<\/p>\r\n                    <p class=\"offerdetails-list-item hertz-text\">&nbsp;&#8226;&nbsp;Tworzenie kontenerowej architektury us\u0142ug (Docker) oraz zarz\u0105dzanie \u015brodowiskami wirtualnymi (Proxmox).<\/p>\r\n                    <p class=\"offerdetails-list-item hertz-text\">&nbsp;&#8226;&nbsp;Automatyzacja wdro\u017ce\u0144 CI\/CD oraz monitorowanie dzia\u0142ania systemu w \u015brodowisku produkcyjnym.<\/p>\r\n                    <p class=\"offerdetails-list-item hertz-text\">&nbsp;&#8226;&nbsp;Identyfikacja i analiza ryzyk technicznych, w szczeg\u00f3lno\u015bci zwi\u0105zanych z integracj\u0105 zewn\u0119trznych komponent\u00f3w.<\/p>\r\n                    <p class=\"offerdetails-list-item hertz-text\">&nbsp;&#8226;&nbsp;Zapewnienie zgodno\u015bci architektury z obowi\u0105zuj\u0105cymi standardami i regulacjami.<\/p>\r\n                    <p class=\"offerdetails-list-item hertz-text\">&nbsp;&#8226;&nbsp;Tworzenie dokumentacji architektonicznej.<\/p>\r\n                    <p class=\"offerdetails-list-item hertz-text\">&nbsp;&#8226;&nbsp;Wsp\u00f3\u0142praca z zespo\u0142ami programistycznymi, testerskimi i sprzeda\u017cy oraz udzia\u0142 w przegl\u0105dach kodu i wdro\u017ceniach.<\/p>\r\n                    <p class=\"offerdetails-list-item hertz-text\">&nbsp;&#8226;&nbsp;Mentoring techniczny oraz wsparcie merytoryczne dla zespo\u0142u.<\/p>\r\n                    <p class=\"offerdetails-list-item hertz-text\">&nbsp;&#8226;&nbsp;Monitorowanie systemu, analiza log\u00f3w i metryk, identyfikowanie w\u0105skich garde\u0142 i inicjowanie usprawnie\u0144 architektury.<\/p>\r\n                    <p class=\"offerdetails-list-item hertz-text\">&nbsp;&#8226;&nbsp;Raportowanie post\u0119p\u00f3w prac w systemach firmowych (JIRA, Tempo).<\/p>\r\n                    <\/div>\r\n<\/div>\r\n\n\n\r\n<div class=\"element hertz-container offerdetails-container\"\r\n     style=\"background-color: #EFEFEF\">\r\n    <div class=\"offerdetails-side-left\">\r\n        <h2 class=\"offerdetails-header\">Wymagania<\/h2>\r\n            <\/div>\r\n    <div class=\"offerdetails-content\">\r\n        <p class=\"offerdetails-list-header\">Nasze wymagania:<\/p>\r\n                    <p class=\"offerdetails-list-item hertz-text\">&nbsp;&#8226;&nbsp;Do\u015bwiadczenie w projektowaniu nowoczesnych, skalowalnych system\u00f3w IT, z uwzgl\u0119dnieniem integracji komponent\u00f3w, tworzenia API (REST, WebSockets) oraz modelowania architektury (UML).<\/p>\r\n                    <p class=\"offerdetails-list-item hertz-text\">&nbsp;&#8226;&nbsp;Znajomo\u015b\u0107 technologii konteneryzacji i wirtualizacji (Docker, Proxmox), automatyzacji proces\u00f3w CI\/CD (GitLab CI), monitorowania (Grafana) oraz system\u00f3w kolejkowania zdarze\u0144 (RabbitMQ).<\/p>\r\n                    <p class=\"offerdetails-list-item hertz-text\">&nbsp;&#8226;&nbsp;Umiej\u0119tno\u015b\u0107 budowania bezpiecznych i odpornych rozwi\u0105za\u0144 (szyfrowanie, uwierzytelnianie, autoryzacja, audyty).<\/p>\r\n                    <p class=\"offerdetails-list-item hertz-text\">&nbsp;&#8226;&nbsp;Do\u015bwiadczenie z bazami danych SQL (PostgreSQL, MySQL) oraz w pracy z j\u0119zykami: Java, Python, JavaScript, Matlab.<\/p>\r\n                    <p class=\"offerdetails-list-item hertz-text\">&nbsp;&#8226;&nbsp;Otwarto\u015b\u0107 na nowe technologie, w tym praktyczne zastosowanie AI w projektowanych systemach.<\/p>\r\n                    <p class=\"offerdetails-list-item hertz-text\">&nbsp;&#8226;&nbsp;Wysoko rozwini\u0119te umiej\u0119tno\u015bci komunikacyjne \u2013 zdolno\u015b\u0107 przek\u0142adania z\u0142o\u017conych koncepcji technicznych na j\u0119zyk zrozumia\u0142y dla zespo\u0142u projektowego i biznesu.<\/p>\r\n                    <p class=\"offerdetails-list-item hertz-text\">&nbsp;&#8226;&nbsp;Do\u015bwiadczenie w pracy zespo\u0142owej w \u015brodowisku multidyscyplinarnym \u2013 programi\u015bci, analitycy, UX, sprzeda\u017c.<\/p>\r\n                    <p class=\"offerdetails-list-item hertz-text\">&nbsp;&#8226;&nbsp;Umiej\u0119tno\u015b\u0107 prowadzenia zespo\u0142\u00f3w technicznych, mentoringu i podejmowania decyzji architektonicznych.<\/p>\r\n                    <p class=\"offerdetails-list-item hertz-text\">&nbsp;&#8226;&nbsp;Proaktywne podej\u015bcie do zarz\u0105dzania priorytetami, elastyczno\u015b\u0107 oraz gotowo\u015b\u0107 do dzia\u0142ania w dynamicznie zmieniaj\u0105cym si\u0119 \u015brodowisku technologicznym.<\/p>\r\n                            <p class=\"offerdetails-text hertz-text\">Dodatkowym atutem b\u0119d\u0105: \tUprawnienia pilota dron\u00f3w <\/p>\r\n            <\/div>\r\n<\/div>\r\n\n\n\r\n<div class=\"element hertz-container offerdetails-container\"\r\n     >\r\n    <div class=\"offerdetails-side-left\">\r\n        <h2 class=\"offerdetails-header\">Oferta<\/h2>\r\n                    <div class=\"hertz-flex offerdetails-button-container\">\r\n                <a\r\n        class=\"hertz-button reverse borderless \"\r\n     href=\"https:\/\/hertznt.eu\/pl\/kariery\/formularz-zgloszeniowy\/\"        target=\"_blank\" >\r\n    <span class=\"hertz-button-text\">APLIKUJ<\/span>\r\n    <svg class=\"hertz-button-arrow hertz-button-arrow-reverse borderless\" width=\"43\" height=\"30\"\r\n     viewBox=\"0 0 43 30\" fill=\"none\" xmlns=\"http:\/\/www.w3.org\/2000\/svg\">\r\n    <path id=\"Line 5\"\r\n          d=\"M42.4142 16.4142C43.1953 15.6332 43.1953 14.3668 42.4142 13.5858L29.6863 0.857864C28.9052 0.0768156 27.6389 0.0768156 26.8579 0.857864C26.0768 1.63891 26.0768 2.90524 26.8579 3.68629L38.1716 15L26.8579 26.3137C26.0768 27.0948 26.0768 28.3611 26.8579 29.1421C27.6389 29.9232 28.9052 29.9232 29.6863 29.1421L42.4142 16.4142ZM0 17H41V13H0V17Z\"\/>\r\n<\/svg>\r\n<\/a>\r\n            <\/div>\r\n            <\/div>\r\n    <div class=\"offerdetails-content\">\r\n        <p class=\"offerdetails-list-header\">Co oferujemy:<\/p>\r\n                    <p class=\"offerdetails-list-item hertz-text\">&nbsp;&#8226;&nbsp;Mo\u017cliwo\u015b\u0107 pracy w dynamicznie rozwijaj\u0105cej si\u0119 bran\u017cy nowych technologii,<\/p>\r\n                    <p class=\"offerdetails-list-item hertz-text\">&nbsp;&#8226;&nbsp;Stabilne warunki wsp\u00f3\u0142pracy w oparciu o umow\u0119 o prac\u0119 lub kontrakt B2B,<\/p>\r\n                    <p class=\"offerdetails-list-item hertz-text\">&nbsp;&#8226;&nbsp;Elastyczne warunki pracy: zdalne lub hybrydowe z biura w Zielonej G\u00f3rze,<\/p>\r\n                    <p class=\"offerdetails-list-item hertz-text\">&nbsp;&#8226;&nbsp;Wynagrodzenie adekwatne do do\u015bwiadczenia i kompetencji,<\/p>\r\n                    <p class=\"offerdetails-list-item hertz-text\">&nbsp;&#8226;&nbsp;Przyjazn\u0105 atmosfer\u0119 pracy, woln\u0105 od korporacyjnych struktur,<\/p>\r\n                    <p class=\"offerdetails-list-item hertz-text\">&nbsp;&#8226;&nbsp;Mo\u017cliwo\u015b\u0107 rozwoju zawodowego w obszarze zaawansowanych technologii,<\/p>\r\n                    <p class=\"offerdetails-list-item hertz-text\">&nbsp;&#8226;&nbsp;Dodatkowe benefity, w tym opcjonalne ubezpieczenie na \u017cycie,<\/p>\r\n                    <p class=\"offerdetails-list-item hertz-text\">&nbsp;&#8226;&nbsp;Niezb\u0119dne narz\u0119dzia pracy: komputer, telefon.<\/p>\r\n                            <p class=\"offerdetails-text hertz-text\"><span class='offerdetails-bold'>Je\u015bli jeste\u015b zainteresowany nasz\u0105 ofert\u0105 i got\u00f3w do podj\u0119cia nowych wyzwa\u0144, prosimy o przes\u0142anie aplikacji za po\u015brednictwem przycisku \u201eAplikuj\u201d lub mailowo na adres: rekrutacja@hertznt.pl.<\/span>\r<br \/>\r<br \/>Zastrzegamy sobie prawo do kontaktu jedynie z wybranymi kandydatami.\r<br \/>\r<br \/>Prosimy o zawarcie w CV klauzuli:\r<br \/>\u201eWyra\u017cam zgod\u0119 na przetwarzanie danych osobowych zawartych w dokumentach przes\u0142anych w odpowiedzi na ofert\u0119 pracy dla potrzeb niezb\u0119dnych do realizacji procesu rekrutacji prowadzonego przez Hertz New Technologies Sp. z o.o. z siedzib\u0105 przy ul. Nowy Kisielin &#8211; A. Wysockiego 1, 66-002 Zielona G\u00f3ra zgodnie z ustaw\u0105 z dnia 29 sierpnia 1997 r. o ochronie danych osobowych (t.j. Dz. U. z 2016 r., poz. 922). Jednocze\u015bnie wyra\u017cam zgod\u0119 na przetwarzanie przez Hertz New Technologies Sp. z o.o. moich danych osobowych uzyskanych w procesie rekrutacji przez okres 1 roku od daty przes\u0142ania niniejszego dokumentu na potrzeby przysz\u0142ych rekrutacji.\u201d\r<br \/>\r<br \/>Informujemy, \u017ce Administratorem danych jest Hertz New Technologies Sp. z o.o. z siedzib\u0105 w Zielonej G\u00f3rze przy ul. Nowy Kisielin &#8211; A. Wysockiego 1, 66-002 Zielona G\u00f3ra. Dane zbierane s\u0105 dla potrzeb rekrutacji. Ma Pani\/Pan prawo dost\u0119pu do tre\u015bci swoich danych oraz ich poprawiania. Podanie danych w zakresie okre\u015blonym przepisami ustawy z dnia 26 czerwca 1974 r. Kodeks pracy oraz akt\u00f3w wykonawczych jest obowi\u0105zkowe. Podanie dodatkowych danych osobowych jest dobrowolne.<\/p>\r\n            <\/div>\r\n<\/div>\r\n","protected":false},"excerpt":{"rendered":"","protected":false},"author":1,"featured_media":0,"parent":1048,"menu_order":0,"comment_status":"closed","ping_status":"closed","template":"","meta":{"_acf_changed":false,"_monsterinsights_skip_tracking":false,"_monsterinsights_sitenote_active":false,"_monsterinsights_sitenote_note":"","_monsterinsights_sitenote_category":0,"footnotes":""},"class_list":["post-1395","page","type-page","status-publish","hentry"],"acf":[],"_links":{"self":[{"href":"https:\/\/hertznt.eu\/pl\/wp-json\/wp\/v2\/pages\/1395","targetHints":{"allow":["GET"]}}],"collection":[{"href":"https:\/\/hertznt.eu\/pl\/wp-json\/wp\/v2\/pages"}],"about":[{"href":"https:\/\/hertznt.eu\/pl\/wp-json\/wp\/v2\/types\/page"}],"author":[{"embeddable":true,"href":"https:\/\/hertznt.eu\/pl\/wp-json\/wp\/v2\/users\/1"}],"replies":[{"embeddable":true,"href":"https:\/\/hertznt.eu\/pl\/wp-json\/wp\/v2\/comments?post=1395"}],"version-history":[{"count":9,"href":"https:\/\/hertznt.eu\/pl\/wp-json\/wp\/v2\/pages\/1395\/revisions"}],"predecessor-version":[{"id":1429,"href":"https:\/\/hertznt.eu\/pl\/wp-json\/wp\/v2\/pages\/1395\/revisions\/1429"}],"up":[{"embeddable":true,"href":"https:\/\/hertznt.eu\/pl\/wp-json\/wp\/v2\/pages\/1048"}],"wp:attachment":[{"href":"https:\/\/hertznt.eu\/pl\/wp-json\/wp\/v2\/media?parent=1395"}],"curies":[{"name":"wp","href":"https:\/\/api.w.org\/{rel}","templated":true}]}}