{"id":1373,"date":"2025-07-15T14:28:17","date_gmt":"2025-07-15T14:28:17","guid":{"rendered":"https:\/\/hertznt.eu\/?page_id=1373"},"modified":"2025-07-16T08:35:58","modified_gmt":"2025-07-16T08:35:58","slug":"oferta-specjalista-ds-marketingu","status":"publish","type":"page","link":"https:\/\/hertznt.eu\/pl\/kariery\/oferta-specjalista-ds-marketingu\/","title":{"rendered":"Specjalista ds. Marketingu"},"content":{"rendered":"<div class=\"headerpicture\">\n                <img decoding=\"async\" alt=\"Main header image - Hertz\" class=\"headerpicture-image headerpicture-image-desktop\"\n             src=\"https:\/\/hertznt.eu\/wp-content\/uploads\/2024\/08\/8fc237b5fa962e61f22f5fb62b27e5e7-scaled.jpg\"\/>\n                <img decoding=\"async\" alt=\"Main header image mobile - Hertz\" class=\"headerpicture-image headerpicture-image-mobile\"\n             src=\"https:\/\/hertznt.eu\/wp-content\/uploads\/2024\/08\/8fc237b5fa962e61f22f5fb62b27e5e7-scaled.jpg\"\/>\n    <\/div>\n<div class=\"headerpicture-filler\"><\/div>\n\n\n\r\n<div class=\"element hertz-container mainnavigation-container hertz-flex alternate\">\r\n    <div class=\"hmainnavigation-content-left\">\r\n        <div class=\"hertz-flex\">\r\n            <a class=\"mainnavigation-logo-link\" href=\"\/pl\"\r\n               >\r\n                <img decoding=\"async\" class=\"mainnavigation-logo-image\" alt=\"Hertz Logo\" src=\"https:\/\/hertznt.eu\/wp-content\/uploads\/2024\/08\/Group-74-3.png\"\/>\r\n            <\/a>\r\n        <\/div>\r\n    <\/div>\r\n    <div class=\"mainnavigation-content-right hertz-flex mainnavigation-mobile\">\r\n        <button class=\"mainnavigation-mobile-close\">\r\n            <span>\r\n            &times;\r\n            <\/span>\r\n        <\/button>\r\n        <a class=\"mainnavigation-mobile-logo-link\" href=\"\/pl\"\r\n           >\r\n            <img decoding=\"async\" class=\"mainnavigation-mobile-logo-image\" alt=\"Hertz Logo\" src=\"https:\/\/hertznt.eu\/wp-content\/uploads\/2024\/08\/Group-74-3.png\"\/>\r\n        <\/a>\r\n        <nav class=\"mainnavigation-nav\">\r\n                            <a\r\n        class=\"hertz-button normal mainnavigation-link\"\r\n     href=\"\/pl\/produkty\"        >\r\n    <span class=\"hertz-button-text\">HAWK C-UAS<\/span>\r\n    <\/a>\r\n                            <a\r\n        class=\"hertz-button normal mainnavigation-link\"\r\n     href=\"\/pl\/medtech\"        >\r\n    <span class=\"hertz-button-text\">MEDTECH<\/span>\r\n    <\/a>\r\n                            <a\r\n        class=\"hertz-button normal mainnavigation-link\"\r\n     href=\"\/pl\/blog\"        >\r\n    <span class=\"hertz-button-text\">AKTUALNIE<\/span>\r\n    <\/a>\r\n                            <a\r\n        class=\"hertz-button normal mainnavigation-link\"\r\n     href=\"\/pl\/o-nas\"        >\r\n    <span class=\"hertz-button-text\">O NAS<\/span>\r\n    <\/a>\r\n                            <a\r\n        class=\"hertz-button normal mainnavigation-link\"\r\n     href=\"\/pl\/kariery\"        >\r\n    <span class=\"hertz-button-text\">KARIERA<\/span>\r\n    <\/a>\r\n                            <a\r\n        class=\"hertz-button normal mainnavigation-link\"\r\n     href=\"\/pl\/kontakt\"        >\r\n    <span class=\"hertz-button-text\">KONTAKT<\/span>\r\n    <\/a>\r\n                    <\/nav>\r\n        <div class=\"mainnavigation-languages\">\r\n                            <a class=\"mainnavigation-language \"\r\n                   href=\"\/\">\r\n                    EN                <\/a>\r\n                            <a class=\"mainnavigation-language active\"\r\n                   href=\"\/pl\">\r\n                    PL                <\/a>\r\n                    <\/div>\r\n    <\/div>\r\n    <button class=\"mainnavigation-mobile-open\">\r\n        <span class=\"dashicons dashicons-menu-alt\"><\/span>\r\n    <\/button>\r\n<\/div>\r\n\r\n    <script>\r\n        $(\".mainnavigation-mobile-open\").on(\"click\", function () {\r\n            $(\".mainnavigation-mobile\").addClass(\"active\");\r\n        });\r\n\r\n        $(\".mainnavigation-mobile-close\").on(\"click\", function () {\r\n            $(\".mainnavigation-mobile\").removeClass(\"active\");\r\n        });\r\n    <\/script>\r\n\n\n\r\n<div class=\"element hertz-container offerheader-container\">\r\n    <div class=\"offerheader-side-left\">\r\n        <h2 class=\"hertz-header hertz-preserve-case hertz-underline offerheader-header\">Specjalista ds. Marketingu<\/h2>\r\n        <div class=\"offerheader-row\">\r\n            <img decoding=\"async\" class=\"offerheader-row-icon\"\r\n                 src=\"https:\/\/hertznt.eu\/wp-content\/themes\/hertz\/public\/icons\/location.svg\"\/>\r\n            <p class=\"hertz-text\">Zielona G\u00f3ra, lubuskie<\/p>\r\n        <\/div>\r\n        <div class=\"offerheader-row\">\r\n            <img decoding=\"async\" class=\"offerheader-row-icon\"\r\n                 src=\"https:\/\/hertznt.eu\/wp-content\/themes\/hertz\/public\/icons\/clock.svg\"\/>\r\n            <p class=\"hertz-text\">Pe\u0142ny etat<\/p>\r\n        <\/div>\r\n        <div class=\"offerheader-row\">\r\n            <img decoding=\"async\" class=\"offerheader-row-icon\"\r\n                 src=\"https:\/\/hertznt.eu\/wp-content\/themes\/hertz\/public\/icons\/clipboard.svg\"\/>\r\n            <p class=\"hertz-text\">Umowa o prac\u0119<\/p>\r\n        <\/div>\r\n                    <br\/>\r\n            <div class=\"offerheader-row\">\r\n                <p class=\"hertz-text\">\r\n                    Oferta wa\u017cna od                    01\/07\/2025                    do                    31\/12\/2025                <\/p>\r\n            <\/div>\r\n            <\/div>\r\n    <div class=\"offerheader-content\">\r\n        <p class=\"offerheader-label hertz-text\">Informacje o ofercie pracy<\/p>\r\n        <p class=\"offerheader-header-right\">Oferta pracy na stanowisko:  Specjalista ds. Marketingu<\/p>\r\n        <p class=\"hertz-text\">Chcesz rozwija\u0107 si\u0119 w marketingu i mie\u0107 realny wp\u0142yw na wizerunek firmy technologicznej? \r<br \/>\r<br \/>Hertz New Technologies to zesp\u00f3\u0142 ludzi z pasj\u0105, kt\u00f3rzy ka\u017cdego dnia pracuj\u0105 nad nowoczesnymi rozwi\u0105zaniami dla sektora przemys\u0142owego i obronnego. Dzia\u0142amy dynamicznie, rozwijamy si\u0119 i szukamy os\u00f3b, kt\u00f3re razem z nami b\u0119d\u0105 budowa\u0107 siln\u0105 i rozpoznawaln\u0105 mark\u0119. \r<br \/>\r<br \/>Aktualnie poszukujemy osoby na stanowisko\u202fSpecjalisty ds. Marketingu, kt\u00f3ra wesprze nasz zesp\u00f3\u0142 w dzia\u0142aniach promocyjnych, organizacyjnych i kreatywnych. Nie wymagamy wieloletniego do\u015bwiadczenia \u2013 liczy si\u0119 dla nas Twoje zaanga\u017cowanie, skrupulatno\u015b\u0107, otwarto\u015b\u0107 i ch\u0119\u0107 do nauki. \r<br \/>\r<br \/>Je\u015bli potrafisz dzia\u0142a\u0107 samodzielnie, lubisz organizowa\u0107, tworzy\u0107 i komunikowa\u0107 \u2014 zapraszamy do aplikowania! <\/p>\r\n    <\/div>\r\n    <div class=\"hertz-flex offerheader-side-right\">\r\n        <a\r\n        class=\"hertz-button reverse borderless \"\r\n     href=\"https:\/\/hertznt.eu\/pl\/kariery\/formularz-zgloszeniowy\/\"        target=\"_blank\" >\r\n    <span class=\"hertz-button-text\">APLIKUJ<\/span>\r\n    <svg class=\"hertz-button-arrow hertz-button-arrow-reverse borderless\" width=\"43\" height=\"30\"\r\n     viewBox=\"0 0 43 30\" fill=\"none\" xmlns=\"http:\/\/www.w3.org\/2000\/svg\">\r\n    <path id=\"Line 5\"\r\n          d=\"M42.4142 16.4142C43.1953 15.6332 43.1953 14.3668 42.4142 13.5858L29.6863 0.857864C28.9052 0.0768156 27.6389 0.0768156 26.8579 0.857864C26.0768 1.63891 26.0768 2.90524 26.8579 3.68629L38.1716 15L26.8579 26.3137C26.0768 27.0948 26.0768 28.3611 26.8579 29.1421C27.6389 29.9232 28.9052 29.9232 29.6863 29.1421L42.4142 16.4142ZM0 17H41V13H0V17Z\"\/>\r\n<\/svg>\r\n<\/a>\r\n    <\/div>\r\n<\/div>\r\n\n\n\r\n<div class=\"element hertz-container offerdetails-container\"\r\n     >\r\n    <div class=\"offerdetails-side-left\">\r\n        <h2 class=\"offerdetails-header\">Zakres obowi\u0105zk\u00f3w<\/h2>\r\n            <\/div>\r\n    <div class=\"offerdetails-content\">\r\n        <p class=\"offerdetails-list-header\">Twoje obowi\u0105zki:<\/p>\r\n                    <p class=\"offerdetails-list-item hertz-text\">&nbsp;&#8226;&nbsp;Dob\u00f3r gad\u017cet\u00f3w reklamowych dopasowanych do potrzeb dzia\u0142a\u0144 marketingowych oraz przygotowywanie ich wycen <\/p>\r\n                    <p class=\"offerdetails-list-item hertz-text\">&nbsp;&#8226;&nbsp;Opieka nad magazynem marketingowym \u2013 bie\u017c\u0105ca kontrola gad\u017cet\u00f3w, ulotek i innych materia\u0142\u00f3w oraz ich uzupe\u0142nianie w razie potrzeby <\/p>\r\n                    <p class=\"offerdetails-list-item hertz-text\">&nbsp;&#8226;&nbsp;Wyszukiwanie korzystnych ofert, por\u00f3wnywanie cen i dopasowywanie ich do bud\u017cetu marketingowego <\/p>\r\n                    <p class=\"offerdetails-list-item hertz-text\">&nbsp;&#8226;&nbsp;Przygotowywanie zestaw\u00f3w marketingowych na targi, eventy i inne wydarzenia bran\u017cowe <\/p>\r\n                    <p class=\"offerdetails-list-item hertz-text\">&nbsp;&#8226;&nbsp;Wsp\u00f3\u0142praca z drukarniami przy przygotowywaniu i zamawianiu materia\u0142\u00f3w promocyjnych i marketingowych (tablice, banery, ulotki, foldery firmowe, kalendarze) <\/p>\r\n                    <p class=\"offerdetails-list-item hertz-text\">&nbsp;&#8226;&nbsp;Tworzenie tre\u015bci do medi\u00f3w spo\u0142eczno\u015bciowych (Facebook, LinkedIn, Instagram) <\/p>\r\n                    <p class=\"offerdetails-list-item hertz-text\">&nbsp;&#8226;&nbsp;Wprowadzanie dokument\u00f3w ksi\u0119gowych do systemu <\/p>\r\n                    <p class=\"offerdetails-list-item hertz-text\">&nbsp;&#8226;&nbsp;Udzia\u0142 w r\u00f3\u017cnego rodzaju wydarzeniach takich jak targi czy pokazy <\/p>\r\n                    <p class=\"offerdetails-list-item hertz-text\">&nbsp;&#8226;&nbsp;Wsp\u00f3\u0142praca z innymi dzia\u0142ami firmy oraz zewn\u0119trznymi dostawcami us\u0142ug <\/p>\r\n                    <p class=\"offerdetails-list-item hertz-text\">&nbsp;&#8226;&nbsp;Dbanie o pozytywny wizerunek firmy <\/p>\r\n                    <\/div>\r\n<\/div>\r\n\n\n\r\n<div class=\"element hertz-container offerdetails-container\"\r\n     style=\"background-color: #EFEFEF\">\r\n    <div class=\"offerdetails-side-left\">\r\n        <h2 class=\"offerdetails-header\">Wymagania<\/h2>\r\n            <\/div>\r\n    <div class=\"offerdetails-content\">\r\n        <p class=\"offerdetails-list-header\">Nasze wymagania:<\/p>\r\n                    <p class=\"offerdetails-list-item hertz-text\">&nbsp;&#8226;&nbsp;Wykszta\u0142cenie wy\u017csze, preferowane kierunki marketing, PR, reklama lub pokrewne <\/p>\r\n                    <p class=\"offerdetails-list-item hertz-text\">&nbsp;&#8226;&nbsp;Nie oczekujemy du\u017cego do\u015bwiadczenia w marketingu \u2014 najwa\u017cniejsze s\u0105 dla nas Twoje zaanga\u017cowanie, inicjatywa i ch\u0119\u0107 do nauki. Umiej\u0119tno\u015bci marketingowe przeka\u017cemy i b\u0119dziemy rozwija\u0107 razem podczas codziennych obowi\u0105zk\u00f3w <\/p>\r\n                    <p class=\"offerdetails-list-item hertz-text\">&nbsp;&#8226;&nbsp;Skrupulatno\u015b\u0107 i dba\u0142o\u015b\u0107 o szczeg\u00f3\u0142y, zw\u0142aszcza w zakresie poprawno\u015bci materia\u0142\u00f3w i aktualno\u015bci danych <\/p>\r\n                    <p class=\"offerdetails-list-item hertz-text\">&nbsp;&#8226;&nbsp;Otwarto\u015b\u0107 na nowe wyzwania i gotowo\u015b\u0107 do kreatywnego rozwi\u0105zywania problem\u00f3w w marketingu <\/p>\r\n                    <p class=\"offerdetails-list-item hertz-text\">&nbsp;&#8226;&nbsp;Doskona\u0142e umiej\u0119tno\u015bci interpersonalne oraz efektywna komunikacja <\/p>\r\n                    <p class=\"offerdetails-list-item hertz-text\">&nbsp;&#8226;&nbsp;Zdolno\u015b\u0107 do efektywnego zarz\u0105dzania wieloma zadaniami jednocze\u015bnie oraz prawid\u0142owego ustalania priorytet\u00f3w w dynamicznym \u015brodowisku pracy <\/p>\r\n                    <p class=\"offerdetails-list-item hertz-text\">&nbsp;&#8226;&nbsp;Samodzielno\u015b\u0107 w organizacji pracy oraz inicjatywa w dzia\u0142aniu <\/p>\r\n                    <p class=\"offerdetails-list-item hertz-text\">&nbsp;&#8226;&nbsp;Dobra znajomo\u015b\u0107 programu Microsoft Excel <\/p>\r\n                    <p class=\"offerdetails-list-item hertz-text\">&nbsp;&#8226;&nbsp;J\u0119zyk angielski na poziomie komunikatywnym <\/p>\r\n                    <p class=\"offerdetails-list-item hertz-text\">&nbsp;&#8226;&nbsp;Prawo jazdy kat. B <\/p>\r\n                    <\/div>\r\n<\/div>\r\n\n\n\r\n<div class=\"element hertz-container offerdetails-container\"\r\n     >\r\n    <div class=\"offerdetails-side-left\">\r\n        <h2 class=\"offerdetails-header\">Oferta<\/h2>\r\n                    <div class=\"hertz-flex offerdetails-button-container\">\r\n                <a\r\n        class=\"hertz-button reverse borderless \"\r\n     href=\"https:\/\/hertznt.eu\/pl\/kariery\/formularz-zgloszeniowy\/\"        target=\"_blank\" >\r\n    <span class=\"hertz-button-text\">APLIKUJ<\/span>\r\n    <svg class=\"hertz-button-arrow hertz-button-arrow-reverse borderless\" width=\"43\" height=\"30\"\r\n     viewBox=\"0 0 43 30\" fill=\"none\" xmlns=\"http:\/\/www.w3.org\/2000\/svg\">\r\n    <path id=\"Line 5\"\r\n          d=\"M42.4142 16.4142C43.1953 15.6332 43.1953 14.3668 42.4142 13.5858L29.6863 0.857864C28.9052 0.0768156 27.6389 0.0768156 26.8579 0.857864C26.0768 1.63891 26.0768 2.90524 26.8579 3.68629L38.1716 15L26.8579 26.3137C26.0768 27.0948 26.0768 28.3611 26.8579 29.1421C27.6389 29.9232 28.9052 29.9232 29.6863 29.1421L42.4142 16.4142ZM0 17H41V13H0V17Z\"\/>\r\n<\/svg>\r\n<\/a>\r\n            <\/div>\r\n            <\/div>\r\n    <div class=\"offerdetails-content\">\r\n        <p class=\"offerdetails-list-header\">Co oferujemy:<\/p>\r\n                    <p class=\"offerdetails-list-item hertz-text\">&nbsp;&#8226;&nbsp;Prac\u0119 w obszarze rozwijaj\u0105cej si\u0119 technologii,<\/p>\r\n                    <p class=\"offerdetails-list-item hertz-text\">&nbsp;&#8226;&nbsp;D\u0142ugoterminow\u0105 wsp\u00f3\u0142prac\u0119 w formie umowy o prac\u0119.<\/p>\r\n                    <p class=\"offerdetails-list-item hertz-text\">&nbsp;&#8226;&nbsp;Prac\u0119 w formie stacjonarnej z biura w Zielonej G\u00f3rze,<\/p>\r\n                    <p class=\"offerdetails-list-item hertz-text\">&nbsp;&#8226;&nbsp;Wynagrodzenie dostoswane do Twoich umiej\u0119tno\u015bci,<\/p>\r\n                    <p class=\"offerdetails-list-item hertz-text\">&nbsp;&#8226;&nbsp;Brak korporacyjnej atmosfery,<\/p>\r\n                    <p class=\"offerdetails-list-item hertz-text\">&nbsp;&#8226;&nbsp;Mo\u017cliwo\u015b\u0107 rozwoju zawodowego w zale\u017cno\u015bci od potrzeb w obszarze nowych technologii,<\/p>\r\n                    <p class=\"offerdetails-list-item hertz-text\">&nbsp;&#8226;&nbsp;Niezb\u0119dne narz\u0119dzia do wykonywania pracy jak komputer, telefon.<\/p>\r\n                    <p class=\"offerdetails-list-item hertz-text\">&nbsp;&#8226;&nbsp;Niezb\u0119dne narz\u0119dzia pracy: komputer, telefon.<\/p>\r\n                            <p class=\"offerdetails-text hertz-text\">Je\u015bli zaciekawi\u0142a Ci\u0119 nasza oferta i jeste\u015b gotowy podj\u0105\u0107 wyzwanie, przy\u015blij nam swoj\u0105 aplikacj\u0119 poprzez przycisk aplikowania lub mailowo na adres rekrutacja@hertznt.pl. \r<br \/>Wychodzimy z za\u0142o\u017cenia, \u017ce oferta to jedno, ale kluczem jest wsp\u00f3lna rozmowa!\r<br \/>Zastrzegamy sobie prawo do kontaktu tylko z wybranymi Kandydatami.\r<br \/>\r<br \/>\r<br \/>Prosimy o zawarcie w CV klauzuli:\r<br \/>\u201eWyra\u017cam zgod\u0119 na przetwarzanie danych osobowych zawartych w dokumentach przes\u0142anych w odpowiedzi na ofert\u0119 pracy dla potrzeb niezb\u0119dnych do realizacji procesu rekrutacji prowadzonego przez Hertz New Technologies Sp. z o.o. z siedzib\u0105 przy ul. Nowy Kisielin &#8211; A. Wysockiego 1, 66-002 Zielona G\u00f3ra zgodnie z ustaw\u0105 z dnia 29 sierpnia 1997 r. o ochronie danych osobowych (t.j. Dz. U. z 2016 r., poz. 922). Jednocze\u015bnie wyra\u017cam zgod\u0119 na przetwarzanie przez Hertz New Technologies Sp. z o.o. moich danych osobowych uzyskanych w procesie rekrutacji przez okres 1 roku od daty przes\u0142ania niniejszego dokumentu na potrzeby przysz\u0142ych rekrutacji.\u201d\r<br \/>\r<br \/>Informujemy, \u017ce Administratorem danych jest Hertz New Technologies Sp. z o.o. z siedzib\u0105 w Zielonej G\u00f3rze przy ul. Nowy Kisielin &#8211; A. Wysockiego 1, 66-002 Zielona G\u00f3ra. Dane zbierane s\u0105 dla potrzeb rekrutacji. Ma Pani\/Pan prawo dost\u0119pu do tre\u015bci swoich danych oraz ich poprawiania. Podanie danych w zakresie okre\u015blonym przepisami ustawy z dnia 26 czerwca 1974 r. Kodeks pracy oraz akt\u00f3w wykonawczych jest obowi\u0105zkowe. Podanie dodatkowych danych osobowych jest dobrowolne.<\/p>\r\n            <\/div>\r\n<\/div>\r\n\n\n\n<p><\/p>\n","protected":false},"excerpt":{"rendered":"","protected":false},"author":1,"featured_media":0,"parent":1048,"menu_order":0,"comment_status":"closed","ping_status":"closed","template":"","meta":{"_acf_changed":false,"_monsterinsights_skip_tracking":false,"_monsterinsights_sitenote_active":false,"_monsterinsights_sitenote_note":"","_monsterinsights_sitenote_category":0,"footnotes":""},"class_list":["post-1373","page","type-page","status-publish","hentry"],"acf":[],"_links":{"self":[{"href":"https:\/\/hertznt.eu\/pl\/wp-json\/wp\/v2\/pages\/1373","targetHints":{"allow":["GET"]}}],"collection":[{"href":"https:\/\/hertznt.eu\/pl\/wp-json\/wp\/v2\/pages"}],"about":[{"href":"https:\/\/hertznt.eu\/pl\/wp-json\/wp\/v2\/types\/page"}],"author":[{"embeddable":true,"href":"https:\/\/hertznt.eu\/pl\/wp-json\/wp\/v2\/users\/1"}],"replies":[{"embeddable":true,"href":"https:\/\/hertznt.eu\/pl\/wp-json\/wp\/v2\/comments?post=1373"}],"version-history":[{"count":6,"href":"https:\/\/hertznt.eu\/pl\/wp-json\/wp\/v2\/pages\/1373\/revisions"}],"predecessor-version":[{"id":1431,"href":"https:\/\/hertznt.eu\/pl\/wp-json\/wp\/v2\/pages\/1373\/revisions\/1431"}],"up":[{"embeddable":true,"href":"https:\/\/hertznt.eu\/pl\/wp-json\/wp\/v2\/pages\/1048"}],"wp:attachment":[{"href":"https:\/\/hertznt.eu\/pl\/wp-json\/wp\/v2\/media?parent=1373"}],"curies":[{"name":"wp","href":"https:\/\/api.w.org\/{rel}","templated":true}]}}