{"id":1048,"date":"2024-12-12T12:14:40","date_gmt":"2024-12-12T12:14:40","guid":{"rendered":"https:\/\/hertznt.eu\/?page_id=1048"},"modified":"2026-03-05T14:39:38","modified_gmt":"2026-03-05T14:39:38","slug":"kariery","status":"publish","type":"page","link":"https:\/\/hertznt.eu\/pl\/kariery\/","title":{"rendered":"Kariery"},"content":{"rendered":"<div class=\"headerpicture\">\n                <video class=\"headerpicture-image headerpicture-image-desktop\" autoplay muted loop playsinline>\n            <source class=\"headerpicture-image\" src=\"https:\/\/hertznt.eu\/wp-content\/uploads\/2024\/11\/HNT_HR_banner-web-desctop.mp4\" type=\"video\/mp4\">\n        <\/video>\n                <video class=\"headerpicture-image headerpicture-image-mobile\" autoplay muted loop playsinline>\n            <source class=\"headerpicture-image\" src=\"https:\/\/hertznt.eu\/wp-content\/uploads\/2024\/11\/HNT_HR_banner-web-desctop_1.mp4\" type=\"video\/mp4\">\n        <\/video>\n    <\/div>\n<div class=\"headerpicture-filler\"><\/div>\n\n\n\r\n<div class=\"element hertz-container mainnavigation-container hertz-flex alternate\">\r\n    <div class=\"hmainnavigation-content-left\">\r\n        <div class=\"hertz-flex\">\r\n            <a class=\"mainnavigation-logo-link\" href=\"\/pl\"\r\n               >\r\n                <img decoding=\"async\" class=\"mainnavigation-logo-image\" alt=\"Hertz Logo\" src=\"https:\/\/hertznt.eu\/wp-content\/uploads\/2024\/08\/Group-74-3.png\"\/>\r\n            <\/a>\r\n        <\/div>\r\n    <\/div>\r\n    <div class=\"mainnavigation-content-right hertz-flex mainnavigation-mobile\">\r\n        <button class=\"mainnavigation-mobile-close\">\r\n            <span>\r\n            &times;\r\n            <\/span>\r\n        <\/button>\r\n        <a class=\"mainnavigation-mobile-logo-link\" href=\"\/pl\"\r\n           >\r\n            <img decoding=\"async\" class=\"mainnavigation-mobile-logo-image\" alt=\"Hertz Logo\" src=\"https:\/\/hertznt.eu\/wp-content\/uploads\/2024\/08\/Group-74-3.png\"\/>\r\n        <\/a>\r\n        <nav class=\"mainnavigation-nav\">\r\n                            <a\r\n        class=\"hertz-button normal mainnavigation-link\"\r\n     href=\"\/pl\/produkty\"        >\r\n    <span class=\"hertz-button-text\">HAWK C-UAS<\/span>\r\n    <\/a>\r\n                            <a\r\n        class=\"hertz-button normal mainnavigation-link\"\r\n     href=\"\/pl\/medtech\"        >\r\n    <span class=\"hertz-button-text\">MEDTECH<\/span>\r\n    <\/a>\r\n                            <a\r\n        class=\"hertz-button normal mainnavigation-link\"\r\n     href=\"\/pl\/blog\"        >\r\n    <span class=\"hertz-button-text\">AKTUALNIE<\/span>\r\n    <\/a>\r\n                            <a\r\n        class=\"hertz-button normal mainnavigation-link\"\r\n     href=\"\/pl\/o-nas\"        >\r\n    <span class=\"hertz-button-text\">O NAS<\/span>\r\n    <\/a>\r\n                            <a\r\n        class=\"hertz-button normal mainnavigation-link\"\r\n     href=\"\/pl\/kariery\"        >\r\n    <span class=\"hertz-button-text\">KARIERA<\/span>\r\n    <\/a>\r\n                            <a\r\n        class=\"hertz-button normal mainnavigation-link\"\r\n     href=\"\/pl\/kontakt\"        >\r\n    <span class=\"hertz-button-text\">KONTAKT<\/span>\r\n    <\/a>\r\n                    <\/nav>\r\n        <div class=\"mainnavigation-languages\">\r\n                            <a class=\"mainnavigation-language \"\r\n                   href=\"\/\">\r\n                    EN                <\/a>\r\n                            <a class=\"mainnavigation-language active\"\r\n                   href=\"\/pl\">\r\n                    PL                <\/a>\r\n                    <\/div>\r\n    <\/div>\r\n    <button class=\"mainnavigation-mobile-open\">\r\n        <span class=\"dashicons dashicons-menu-alt\"><\/span>\r\n    <\/button>\r\n<\/div>\r\n\r\n    <script>\r\n        $(\".mainnavigation-mobile-open\").on(\"click\", function () {\r\n            $(\".mainnavigation-mobile\").addClass(\"active\");\r\n        });\r\n\r\n        $(\".mainnavigation-mobile-close\").on(\"click\", function () {\r\n            $(\".mainnavigation-mobile\").removeClass(\"active\");\r\n        });\r\n    <\/script>\r\n\n\n\r\n<div class=\"element hertz-container miniheadline-container hertz-flex light  \">\r\n    <div class=\"hertz-content-left\">\r\n        <h2 class=\"hertz-header hertz-content-contain hertz-preserve-case miniheadline-header-fullwidth\">Do\u0142\u0105cz do naszego zespo\u0142u<\/h2>\r\n    <\/div>\r\n    <div class=\"hertz-content-right\">\r\n        <p class=\"hertz-text \">Jeste\u015bmy rozwijaj\u0105c\u0105 si\u0119 firm\u0105 w obszarze technologii system\u00f3w antydronowych, kt\u00f3ra stale poszukuje ambitnych i zaanga\u017cowanych specjalist\u00f3w, gotowych wsp\u00f3\u0142tworzy\u0107 innowacyjne rozwi\u0105zania na \u015bwiatowym poziomie. Pracujemy nad zaawansowanymi rozwi\u0105zaniami antydronowymi, kt\u00f3re zmieniaj\u0105 spos\u00f3b, w jaki \u015bwiat patrzy na bezpiecze\u0144stwo.\r<br \/>\r<br \/>Tworzymy miejsce gdzie pasja do nowych technologii odpowiada na potrzeby zmieniaj\u0105cego si\u0119 \u015bwiata. Stawiamy na zesp\u00f3\u0142, wsp\u00f3\u0142prac\u0119 i atmosfer\u0119. Je\u015bli jeste\u015b graczem zespo\u0142owym to na pewno znajdziesz tu swoje miejsce!<\/p>\r\n                    <\/div>\r\n<\/div>\r\n\n\n\r\n<div class=\"element hertz-container miniheadline-container hertz-flex gray  \">\r\n    <div class=\"hertz-content-left\">\r\n        <h2 class=\"hertz-header hertz-content-contain hertz-preserve-case \">Proces rekrutacji<\/h2>\r\n    <\/div>\r\n    <div class=\"hertz-content-right\">\r\n        <p class=\"hertz-text bigger\">Ka\u017cdy nasz proces jest transparenty. Ju\u017c od pierwszej rozmowy znasz zakres zada\u0144, wiesz jakie s\u0105 wymagania wzgl\u0119dem tego stanowiska, ale te\u017c masz mo\u017cliwo\u015b\u0107 przedstawienia swoich oczekiwa\u0144 wzgl\u0119dem pracodawcy.\r<br \/>Wychodzimy z za\u0142o\u017cenia, \u017ce oferta to jedno, CV to drugie, ale kluczem jest wsp\u00f3lna rozmowa!<\/p>\r\n                            <img decoding=\"async\" alt=\"\" class=\"miniheadline-image\" src=\"https:\/\/hertznt.eu\/wp-content\/uploads\/2024\/11\/7c1bdc2a0e0c76b7a6b1977043dd9665-1-scaled.jpg\"\/>\r\n            <\/div>\r\n<\/div>\r\n\n\n\r\n<div class=\"element hertz-container steplist-container\">\r\n    <h2 class=\"hertz-header hertz-preserve-case\">Etapy rekrutacji:<\/h2>\r\n    <div class=\"steplist-step-container\">\r\n                    <div class=\"steplist-step\">\r\n                <div class=\"steplist-step-content\">\r\n                    <img decoding=\"async\" class=\"steplist-step-icon\" src=\"https:\/\/hertznt.eu\/wp-content\/uploads\/2024\/11\/interface-edit-pin-3-pin-push-thumbtack-1.png\" alt=\"\"\/>\r\n                    <p class=\"hertz-text steplist-step-name\">1. Og\u0142oszenia rekrutacyjne<\/p>\r\n                    <p class=\"steplist-step-text\">Na bie\u017c\u0105co na naszej stronie umieszczamy aktualne oferty pracy wraz z opisem stanowisk na kt\u00f3re rekrutujemy.<\/p>\r\n                <\/div>\r\n                <img decoding=\"async\" class=\"steplist-step-image\" src=\"https:\/\/hertznt.eu\/wp-content\/uploads\/2024\/11\/Frame-471.png\"\/>\r\n            <\/div>\r\n                    <div class=\"steplist-step\">\r\n                <div class=\"steplist-step-content\">\r\n                    <img decoding=\"async\" class=\"steplist-step-icon\" src=\"https:\/\/hertznt.eu\/wp-content\/uploads\/2024\/11\/interface-upload-laptop-arrow-computer-download-internet-laptop-network-server-up-upload-1.png\" alt=\"\"\/>\r\n                    <p class=\"hertz-text steplist-step-name\">2. Aplikacja<\/p>\r\n                    <p class=\"steplist-step-text\">Je\u015bli znalaz\u0142e\u015b odpowiedni\u0105 dla siebie ofert\u0119, aplikuj poprzez formularz na stronie lub wy\u015blij nam swoja CV na adres:\u00a0<a href=\"mailto:rekrutacja@hertznt.pl\">rekrutacja@hertznt.pl<\/a><\/p>\r\n                <\/div>\r\n                <img decoding=\"async\" class=\"steplist-step-image\" src=\"https:\/\/hertznt.eu\/wp-content\/uploads\/2024\/11\/Frame-471-1.png\"\/>\r\n            <\/div>\r\n                    <div class=\"steplist-step\">\r\n                <div class=\"steplist-step-content\">\r\n                    <img decoding=\"async\" class=\"steplist-step-icon\" src=\"https:\/\/hertznt.eu\/wp-content\/uploads\/2024\/11\/interface-hierarchy-2-node-organization-links-structure-link-nodes-network-hierarchy-1.png\" alt=\"\"\/>\r\n                    <p class=\"hertz-text steplist-step-name\">3. Rozmowa wst\u0119pna<\/p>\r\n                    <p class=\"steplist-step-text\">Je\u015bli zainteresowa\u0142 nas Tw\u00f3j profil, kontaktujemy si\u0119 z Tob\u0105 telefonicznie na kr\u00f3tk\u0105 rozmow\u0119, w czasie kt\u00f3rej wst\u0119pnie weryfikujemy mo\u017cliwo\u015bci wsp\u00f3\u0142pracy. Je\u015bli po tym etapie oka\u017ce si\u0119, \u017ce z jakiego\u015b powodu nie mo\u017cemy kontynuowa\u0107 procesu, na pewno si\u0119 o tym dowiesz.<\/p>\r\n                <\/div>\r\n                <img decoding=\"async\" class=\"steplist-step-image\" src=\"https:\/\/hertznt.eu\/wp-content\/uploads\/2024\/11\/Frame-471-2.png\"\/>\r\n            <\/div>\r\n                    <div class=\"steplist-step\">\r\n                <div class=\"steplist-step-content\">\r\n                    <img decoding=\"async\" class=\"steplist-step-icon\" src=\"https:\/\/hertznt.eu\/wp-content\/uploads\/2024\/11\/interface-user-multiple-close-geometric-human-multiple-person-up-user-1.png\" alt=\"\"\/>\r\n                    <p class=\"hertz-text steplist-step-name\">4. Rozmowa rekrutacyjna<\/p>\r\n                    <p class=\"steplist-step-text\">G\u0142\u00f3wny punkt proces rekrutacyjnego. Zawsze wychodzimy z za\u0142o\u017cenia, \u017ce oferta to jedno, CV to drugie, ale najwa\u017cniejsza jest wsp\u00f3lna rozmowa. W trakcie jej trwania opowiadamy Ci o firmie oraz stanowisku, porozmawiamy o Twoich umiej\u0119tno\u015bciach oraz do\u015bwiadczeniu, a tak\u017ce obustronnie omawiamy swoje oczekiwania. Podstaw\u0105 naszych proces\u00f3w jest transparentno\u015b\u0107.<\/p>\r\n                <\/div>\r\n                <img decoding=\"async\" class=\"steplist-step-image\" src=\"https:\/\/hertznt.eu\/wp-content\/uploads\/2024\/11\/Frame-471-3.png\"\/>\r\n            <\/div>\r\n                    <div class=\"steplist-step\">\r\n                <div class=\"steplist-step-content\">\r\n                    <img decoding=\"async\" class=\"steplist-step-icon\" src=\"https:\/\/hertznt.eu\/wp-content\/uploads\/2024\/11\/Group-1.png\" alt=\"\"\/>\r\n                    <p class=\"hertz-text steplist-step-name\">5. Rozmowa z Zarz\u0105dem lub zadanie techniczne<\/p>\r\n                    <p class=\"steplist-step-text\">Jest to etap opcjonalny w zale\u017cno\u015bci od stanowiska na jakie aplikujesz. W przypadku stanowisk Kierowniczych ju\u017c na etapie rekrutacji mo\u017cesz pozna\u0107 Zarz\u0105d i wsp\u00f3lnie porozmawia\u0107 o strategii rozwoju firmy. Aplikuj\u0105c na stanowisko specjalistyczne mo\u017cemy poprosi\u0107 Ci\u0119 o wykonanie kr\u00f3tkiego zadania technicznego, kt\u00f3re pozwoli nam pozna\u0107 Twoje umiej\u0119tno\u015bci.<\/p>\r\n                <\/div>\r\n                <img decoding=\"async\" class=\"steplist-step-image\" src=\"https:\/\/hertznt.eu\/wp-content\/uploads\/2024\/11\/Frame-471-4.png\"\/>\r\n            <\/div>\r\n                    <div class=\"steplist-step\">\r\n                <div class=\"steplist-step-content\">\r\n                    <img decoding=\"async\" class=\"steplist-step-icon\" src=\"https:\/\/hertznt.eu\/wp-content\/uploads\/2024\/11\/interface-file-clipboard-text-edition-form-task-checklist-edit-clipboard-1.png\" alt=\"\"\/>\r\n                    <p class=\"hertz-text steplist-step-name\">6. Oferta pracy<\/p>\r\n                    <p class=\"steplist-step-text\">Je\u015bli po przeprowadzony procesie oka\u017cesz si\u0119 najlepszym\/najlepsz\u0105 kandydatem\/k\u0105 przedstawimy Ci nasz\u0105 ofert\u0119 i zaprosimy do naszego zespo\u0142u!<\/p>\r\n                <\/div>\r\n                <img decoding=\"async\" class=\"steplist-step-image\" src=\"https:\/\/hertznt.eu\/wp-content\/uploads\/2024\/11\/Frame-471-5.png\"\/>\r\n            <\/div>\r\n            <\/div>\r\n<\/div>\r\n\n\n\r\n<div class=\"element hertz-container joboffers-container hertz-flex\">\r\n    <div class=\"hertz-content-left\">\r\n        <h2 class=\"hertz-header hertz-preserve-case\">Aktualne oferty <\/h2>\r\n    <\/div>\r\n    <div class=\"hertz-content-right\">\r\n                    <div class=\"joboffers-offer\">\r\n                <p class=\"joboffers-offer-title\">In\u017cynier Oprogramowania<\/p>\r\n                <div class=\"joboffers-row\">\r\n                    <img decoding=\"async\" class=\"joboffers-row-icon\"\r\n                         src=\"https:\/\/hertznt.eu\/wp-content\/themes\/hertz\/public\/icons\/location.svg\"\/>\r\n                    <p class=\"hertz-text\">Zielona G\u00f3ra, lubuskie<\/p>\r\n                <\/div>\r\n                <div class=\"joboffers-row\">\r\n                    <img decoding=\"async\" class=\"joboffers-row-icon\"\r\n                         src=\"https:\/\/hertznt.eu\/wp-content\/themes\/hertz\/public\/icons\/clock.svg\"\/>\r\n                    <p class=\"hertz-text\">Pe\u0142ny etat<\/p>\r\n                <\/div>\r\n                <div class=\"joboffers-row\">\r\n                    <img decoding=\"async\" class=\"joboffers-row-icon\"\r\n                         src=\"https:\/\/hertznt.eu\/wp-content\/themes\/hertz\/public\/icons\/clipboard.svg\"\/>\r\n                    <p class=\"hertz-text\">Umowa o prac\u0119, Kontrakt B2B<\/p>\r\n                <\/div>\r\n                <div class=\"hertz-flex joboffers-button-container\">\r\n                    <a\r\n        class=\"hertz-button reverse borderless \"\r\n     href=\"https:\/\/hertznt.eu\/pl\/inzynier-oprogramowania\/\"        >\r\n    <span class=\"hertz-button-text\">WIECEJ SZCZEG\u00d3\u0141\u00d3W<\/span>\r\n    <svg class=\"hertz-button-arrow hertz-button-arrow-reverse borderless\" width=\"43\" height=\"30\"\r\n     viewBox=\"0 0 43 30\" fill=\"none\" xmlns=\"http:\/\/www.w3.org\/2000\/svg\">\r\n    <path id=\"Line 5\"\r\n          d=\"M42.4142 16.4142C43.1953 15.6332 43.1953 14.3668 42.4142 13.5858L29.6863 0.857864C28.9052 0.0768156 27.6389 0.0768156 26.8579 0.857864C26.0768 1.63891 26.0768 2.90524 26.8579 3.68629L38.1716 15L26.8579 26.3137C26.0768 27.0948 26.0768 28.3611 26.8579 29.1421C27.6389 29.9232 28.9052 29.9232 29.6863 29.1421L42.4142 16.4142ZM0 17H41V13H0V17Z\"\/>\r\n<\/svg>\r\n<\/a>\r\n                <\/div>\r\n            <\/div>\r\n                    <div class=\"joboffers-offer\">\r\n                <p class=\"joboffers-offer-title\">DevOps Release &#038; Integration Engineer<\/p>\r\n                <div class=\"joboffers-row\">\r\n                    <img decoding=\"async\" class=\"joboffers-row-icon\"\r\n                         src=\"https:\/\/hertznt.eu\/wp-content\/themes\/hertz\/public\/icons\/location.svg\"\/>\r\n                    <p class=\"hertz-text\">Zielona G\u00f3ra, lubuskie<\/p>\r\n                <\/div>\r\n                <div class=\"joboffers-row\">\r\n                    <img decoding=\"async\" class=\"joboffers-row-icon\"\r\n                         src=\"https:\/\/hertznt.eu\/wp-content\/themes\/hertz\/public\/icons\/clock.svg\"\/>\r\n                    <p class=\"hertz-text\">Pe\u0142ny etat<\/p>\r\n                <\/div>\r\n                <div class=\"joboffers-row\">\r\n                    <img decoding=\"async\" class=\"joboffers-row-icon\"\r\n                         src=\"https:\/\/hertznt.eu\/wp-content\/themes\/hertz\/public\/icons\/clipboard.svg\"\/>\r\n                    <p class=\"hertz-text\">Umowa o prac\u0119, Kontrakt B2B<\/p>\r\n                <\/div>\r\n                <div class=\"hertz-flex joboffers-button-container\">\r\n                    <a\r\n        class=\"hertz-button reverse borderless \"\r\n     href=\"https:\/\/hertznt.eu\/pl\/kariery\/devops-release-integration-engineer\/\"        >\r\n    <span class=\"hertz-button-text\">WIECEJ SZCZEG\u00d3\u0141\u00d3W<\/span>\r\n    <svg class=\"hertz-button-arrow hertz-button-arrow-reverse borderless\" width=\"43\" height=\"30\"\r\n     viewBox=\"0 0 43 30\" fill=\"none\" xmlns=\"http:\/\/www.w3.org\/2000\/svg\">\r\n    <path id=\"Line 5\"\r\n          d=\"M42.4142 16.4142C43.1953 15.6332 43.1953 14.3668 42.4142 13.5858L29.6863 0.857864C28.9052 0.0768156 27.6389 0.0768156 26.8579 0.857864C26.0768 1.63891 26.0768 2.90524 26.8579 3.68629L38.1716 15L26.8579 26.3137C26.0768 27.0948 26.0768 28.3611 26.8579 29.1421C27.6389 29.9232 28.9052 29.9232 29.6863 29.1421L42.4142 16.4142ZM0 17H41V13H0V17Z\"\/>\r\n<\/svg>\r\n<\/a>\r\n                <\/div>\r\n            <\/div>\r\n            <\/div>\r\n<\/div>\r\n\n\n\r\n<div class=\"element hertz-container miniheadline-container hertz-flex light miniheadline-padding-top-smaller \">\r\n    <div class=\"hertz-content-left\">\r\n        <h2 class=\"hertz-header hertz-content-contain  \"><\/h2>\r\n    <\/div>\r\n    <div class=\"hertz-content-right\">\r\n        <p class=\"hertz-text \">Je\u015bli nie znalaz\u0142e\u015b odpowiedniej oferty dla siebie, ale mimo to jeste\u015b zainteresowany prac\u0105 u nas, wy\u015blij nam swoje CV na adres rekrutacja@hertznt.pl lub aplikuj ju\u017c teraz poprzez wype\u0142nienie formularza<\/p>\r\n                    <div class=\"hertz-flex\">\r\n                <a\r\n        class=\"hertz-button reverse borderless \"\r\n     href=\"https:\/\/hertznt.eu\/pl\/kariery\/formularz-zgloszeniowy\/\"        target=\"_blank\" >\r\n    <span class=\"hertz-button-text\">APLIKUJ<\/span>\r\n    <svg class=\"hertz-button-arrow hertz-button-arrow-reverse borderless\" width=\"43\" height=\"30\"\r\n     viewBox=\"0 0 43 30\" fill=\"none\" xmlns=\"http:\/\/www.w3.org\/2000\/svg\">\r\n    <path id=\"Line 5\"\r\n          d=\"M42.4142 16.4142C43.1953 15.6332 43.1953 14.3668 42.4142 13.5858L29.6863 0.857864C28.9052 0.0768156 27.6389 0.0768156 26.8579 0.857864C26.0768 1.63891 26.0768 2.90524 26.8579 3.68629L38.1716 15L26.8579 26.3137C26.0768 27.0948 26.0768 28.3611 26.8579 29.1421C27.6389 29.9232 28.9052 29.9232 29.6863 29.1421L42.4142 16.4142ZM0 17H41V13H0V17Z\"\/>\r\n<\/svg>\r\n<\/a>\r\n            <\/div>\r\n                    <\/div>\r\n<\/div>\r\n","protected":false},"excerpt":{"rendered":"","protected":false},"author":1,"featured_media":0,"parent":0,"menu_order":0,"comment_status":"closed","ping_status":"closed","template":"wp-custom-template-pages-pl-2","meta":{"_acf_changed":false,"_monsterinsights_skip_tracking":false,"_monsterinsights_sitenote_active":false,"_monsterinsights_sitenote_note":"","_monsterinsights_sitenote_category":0,"footnotes":""},"class_list":["post-1048","page","type-page","status-publish","hentry"],"acf":[],"_links":{"self":[{"href":"https:\/\/hertznt.eu\/pl\/wp-json\/wp\/v2\/pages\/1048","targetHints":{"allow":["GET"]}}],"collection":[{"href":"https:\/\/hertznt.eu\/pl\/wp-json\/wp\/v2\/pages"}],"about":[{"href":"https:\/\/hertznt.eu\/pl\/wp-json\/wp\/v2\/types\/page"}],"author":[{"embeddable":true,"href":"https:\/\/hertznt.eu\/pl\/wp-json\/wp\/v2\/users\/1"}],"replies":[{"embeddable":true,"href":"https:\/\/hertznt.eu\/pl\/wp-json\/wp\/v2\/comments?post=1048"}],"version-history":[{"count":43,"href":"https:\/\/hertznt.eu\/pl\/wp-json\/wp\/v2\/pages\/1048\/revisions"}],"predecessor-version":[{"id":1497,"href":"https:\/\/hertznt.eu\/pl\/wp-json\/wp\/v2\/pages\/1048\/revisions\/1497"}],"wp:attachment":[{"href":"https:\/\/hertznt.eu\/pl\/wp-json\/wp\/v2\/media?parent=1048"}],"curies":[{"name":"wp","href":"https:\/\/api.w.org\/{rel}","templated":true}]}}